{"id":9715,"date":"2023-11-21T13:45:13","date_gmt":"2023-11-21T11:45:13","guid":{"rendered":"https:\/\/kauppa.kalevamedia.fi\/?post_type=product&#038;p=9715"},"modified":"2026-02-08T19:33:11","modified_gmt":"2026-02-08T17:33:11","slug":"kaleva-fi-boksi-200-000-nayttoa","status":"publish","type":"product","link":"https:\/\/kauppa.kalevamedia.fi\/index.php\/tuote\/kaleva-fi-boksi-200-000-nayttoa\/","title":{"rendered":"Kaleva.fi &#8211; Boksi &#8211; 200 000 n\u00e4ytt\u00f6\u00e4"},"content":{"rendered":"","protected":false},"excerpt":{"rendered":"<p>Kaleva.fi on\u00a0pohjoisen Suomen tavoittavin uutismedia. Tutustu mediaan halutessasi lis\u00e4\u00e4 klikkaamalla\u00a0<a href=\"https:\/\/www.kalevamedia.fi\/yrityksille\/omat-mediamme\/kaleva-median-julkaisut\/kaleva\/\" target=\"_blank\" rel=\"noopener\"><strong>t\u00e4st\u00e4!<\/strong><\/a> Kampanjaan kuuluu 200 000 mainosn\u00e4ytt\u00f6\u00e4 ja ne saa k\u00e4ytt\u00e4\u00e4 haluamalleen ajalle \u2013 suosittelemme kuitenkin noin kahden viikon aikajaksoa. Kampanjan tulee alkaa <strong>16.2.\u201331.3.2026<\/strong><strong>\u00a0<\/strong>v\u00e4lisen\u00e4 aikana.<\/p>\n<hr \/>\n<p><strong>Aineistokoot:<\/strong><br \/>\nDesktop ja mobiili: 300&#215;250 px<\/p>\n<hr \/>\n<p>Kampanjaetu koskee vain uusia varauksia. Hinta ei sis\u00e4ll\u00e4 mahdollisen mainosaineiston valmistusta. Sitovat varaukset tehd\u00e4\u00e4n kerralla ja niit\u00e4 ei voi siirt\u00e4\u00e4 kampanja-ajalta toiselle. Hintaan lis\u00e4t\u00e4\u00e4n alv. Voit tutustua tarkempiin tilaus- ja myyntiehtoihin halutessasi <span style=\"text-decoration: underline;\"><a href=\"https:\/\/kauppa.kalevamedia.fi\/index.php\/myyntiehdot\/\" target=\"_blank\" rel=\"noopener\"><strong>t\u00e4\u00e4lt\u00e4.<\/strong><\/a><\/span><\/p>\n","protected":false},"featured_media":11533,"template":"","meta":[],"product_brand":[],"product_cat":[68,70],"product_tag":[],"class_list":{"0":"post-9715","1":"product","2":"type-product","3":"status-publish","4":"has-post-thumbnail","6":"product_cat-kaleva","7":"product_cat-kaleva-display","9":"first","10":"instock","11":"sale","12":"shipping-taxable","13":"purchasable","14":"product-type-simple"},"exclude_global_add_ons":[],"addons":[],"yoast_head":"<!-- This site is optimized with the Yoast SEO plugin v27.5 - https:\/\/yoast.com\/product\/yoast-seo-wordpress\/ -->\n<title>Kaleva.fi - Boksi - 200 000 n\u00e4ytt\u00f6\u00e4 - Kaleva Media Verkkokauppa<\/title>\n<meta name=\"robots\" content=\"index, follow, max-snippet:-1, max-image-preview:large, max-video-preview:-1\" \/>\n<link rel=\"canonical\" href=\"https:\/\/kauppa.kalevamedia.fi\/index.php\/tuote\/kaleva-fi-boksi-200-000-nayttoa\/\" \/>\n<meta property=\"og:locale\" content=\"fi_FI\" \/>\n<meta property=\"og:type\" content=\"article\" \/>\n<meta property=\"og:title\" content=\"Kaleva.fi - Boksi - 200 000 n\u00e4ytt\u00f6\u00e4 - Kaleva Media Verkkokauppa\" \/>\n<meta property=\"og:description\" content=\"Kaleva.fi on\u00a0pohjoisen Suomen tavoittavin uutismedia. Tutustu mediaan halutessasi lis\u00e4\u00e4 klikkaamalla\u00a0t\u00e4st\u00e4! Kampanjaan kuuluu 200 000 mainosn\u00e4ytt\u00f6\u00e4 ja ne saa k\u00e4ytt\u00e4\u00e4 haluamalleen ajalle \u2013 suosittelemme kuitenkin noin kahden viikon aikajaksoa. Kampanjan tulee alkaa 16.2.\u201331.3.2026\u00a0v\u00e4lisen\u00e4 aikana.    Aineistokoot: Desktop ja mobiili: 300x250 px    Kampanjaetu koskee vain uusia varauksia. Hinta ei sis\u00e4ll\u00e4 mahdollisen mainosaineiston valmistusta. Sitovat varaukset tehd\u00e4\u00e4n kerralla ja niit\u00e4 ei voi siirt\u00e4\u00e4 kampanja-ajalta toiselle. Hintaan lis\u00e4t\u00e4\u00e4n alv. Voit tutustua tarkempiin tilaus- ja myyntiehtoihin halutessasi t\u00e4\u00e4lt\u00e4.\" \/>\n<meta property=\"og:url\" content=\"https:\/\/kauppa.kalevamedia.fi\/index.php\/tuote\/kaleva-fi-boksi-200-000-nayttoa\/\" \/>\n<meta property=\"og:site_name\" content=\"Kaleva Media Verkkokauppa\" \/>\n<meta property=\"article:modified_time\" content=\"2026-02-08T17:33:11+00:00\" \/>\n<meta property=\"og:image\" content=\"https:\/\/kauppa.kalevamedia.fi\/wp-content\/uploads\/2023\/11\/Boksi-63-1.png\" \/>\n\t<meta property=\"og:image:width\" content=\"600\" \/>\n\t<meta property=\"og:image:height\" content=\"600\" \/>\n\t<meta property=\"og:image:type\" content=\"image\/png\" \/>\n<meta name=\"twitter:card\" content=\"summary_large_image\" \/>\n<meta name=\"twitter:label1\" content=\"Arvioitu lukuaika\" \/>\n\t<meta name=\"twitter:data1\" content=\"1 minuutti\" \/>\n<script type=\"application\/ld+json\" class=\"yoast-schema-graph\">{\"@context\":\"https:\\\/\\\/schema.org\",\"@graph\":[{\"@type\":\"WebPage\",\"@id\":\"https:\\\/\\\/kauppa.kalevamedia.fi\\\/index.php\\\/tuote\\\/kaleva-fi-boksi-200-000-nayttoa\\\/\",\"url\":\"https:\\\/\\\/kauppa.kalevamedia.fi\\\/index.php\\\/tuote\\\/kaleva-fi-boksi-200-000-nayttoa\\\/\",\"name\":\"Kaleva.fi - Boksi - 200 000 n\u00e4ytt\u00f6\u00e4 - Kaleva Media Verkkokauppa\",\"isPartOf\":{\"@id\":\"https:\\\/\\\/kauppa.kalevamedia.fi\\\/#website\"},\"primaryImageOfPage\":{\"@id\":\"https:\\\/\\\/kauppa.kalevamedia.fi\\\/index.php\\\/tuote\\\/kaleva-fi-boksi-200-000-nayttoa\\\/#primaryimage\"},\"image\":{\"@id\":\"https:\\\/\\\/kauppa.kalevamedia.fi\\\/index.php\\\/tuote\\\/kaleva-fi-boksi-200-000-nayttoa\\\/#primaryimage\"},\"thumbnailUrl\":\"https:\\\/\\\/kauppa.kalevamedia.fi\\\/wp-content\\\/uploads\\\/2023\\\/11\\\/Boksi-63-1.png\",\"datePublished\":\"2023-11-21T11:45:13+00:00\",\"dateModified\":\"2026-02-08T17:33:11+00:00\",\"breadcrumb\":{\"@id\":\"https:\\\/\\\/kauppa.kalevamedia.fi\\\/index.php\\\/tuote\\\/kaleva-fi-boksi-200-000-nayttoa\\\/#breadcrumb\"},\"inLanguage\":\"fi\",\"potentialAction\":[{\"@type\":\"ReadAction\",\"target\":[\"https:\\\/\\\/kauppa.kalevamedia.fi\\\/index.php\\\/tuote\\\/kaleva-fi-boksi-200-000-nayttoa\\\/\"]}]},{\"@type\":\"ImageObject\",\"inLanguage\":\"fi\",\"@id\":\"https:\\\/\\\/kauppa.kalevamedia.fi\\\/index.php\\\/tuote\\\/kaleva-fi-boksi-200-000-nayttoa\\\/#primaryimage\",\"url\":\"https:\\\/\\\/kauppa.kalevamedia.fi\\\/wp-content\\\/uploads\\\/2023\\\/11\\\/Boksi-63-1.png\",\"contentUrl\":\"https:\\\/\\\/kauppa.kalevamedia.fi\\\/wp-content\\\/uploads\\\/2023\\\/11\\\/Boksi-63-1.png\",\"width\":600,\"height\":600},{\"@type\":\"BreadcrumbList\",\"@id\":\"https:\\\/\\\/kauppa.kalevamedia.fi\\\/index.php\\\/tuote\\\/kaleva-fi-boksi-200-000-nayttoa\\\/#breadcrumb\",\"itemListElement\":[{\"@type\":\"ListItem\",\"position\":1,\"name\":\"Home\",\"item\":\"https:\\\/\\\/kauppa.kalevamedia.fi\\\/\"},{\"@type\":\"ListItem\",\"position\":2,\"name\":\"Kaleva.fi &#8211; Boksi &#8211; 200 000 n\u00e4ytt\u00f6\u00e4\"}]},{\"@type\":\"WebSite\",\"@id\":\"https:\\\/\\\/kauppa.kalevamedia.fi\\\/#website\",\"url\":\"https:\\\/\\\/kauppa.kalevamedia.fi\\\/\",\"name\":\"Kaleva Media Verkkokauppa\",\"description\":\"Kaleva Media B2B Asiakasratkaisut\",\"publisher\":{\"@id\":\"https:\\\/\\\/kauppa.kalevamedia.fi\\\/#organization\"},\"potentialAction\":[{\"@type\":\"SearchAction\",\"target\":{\"@type\":\"EntryPoint\",\"urlTemplate\":\"https:\\\/\\\/kauppa.kalevamedia.fi\\\/?s={search_term_string}\"},\"query-input\":{\"@type\":\"PropertyValueSpecification\",\"valueRequired\":true,\"valueName\":\"search_term_string\"}}],\"inLanguage\":\"fi\"},{\"@type\":\"Organization\",\"@id\":\"https:\\\/\\\/kauppa.kalevamedia.fi\\\/#organization\",\"name\":\"Kaleva Media Verkkokauppa\",\"url\":\"https:\\\/\\\/kauppa.kalevamedia.fi\\\/\",\"logo\":{\"@type\":\"ImageObject\",\"inLanguage\":\"fi\",\"@id\":\"https:\\\/\\\/kauppa.kalevamedia.fi\\\/#\\\/schema\\\/logo\\\/image\\\/\",\"url\":\"https:\\\/\\\/kauppa.kalevamedia.fi\\\/wp-content\\\/uploads\\\/2023\\\/11\\\/Kalevamedia_logo_pystyposa.png\",\"contentUrl\":\"https:\\\/\\\/kauppa.kalevamedia.fi\\\/wp-content\\\/uploads\\\/2023\\\/11\\\/Kalevamedia_logo_pystyposa.png\",\"width\":954,\"height\":690,\"caption\":\"Kaleva Media Verkkokauppa\"},\"image\":{\"@id\":\"https:\\\/\\\/kauppa.kalevamedia.fi\\\/#\\\/schema\\\/logo\\\/image\\\/\"}}]}<\/script>\n<!-- \/ Yoast SEO plugin. -->","yoast_head_json":{"title":"Kaleva.fi - Boksi - 200 000 n\u00e4ytt\u00f6\u00e4 - Kaleva Media Verkkokauppa","robots":{"index":"index","follow":"follow","max-snippet":"max-snippet:-1","max-image-preview":"max-image-preview:large","max-video-preview":"max-video-preview:-1"},"canonical":"https:\/\/kauppa.kalevamedia.fi\/index.php\/tuote\/kaleva-fi-boksi-200-000-nayttoa\/","og_locale":"fi_FI","og_type":"article","og_title":"Kaleva.fi - Boksi - 200 000 n\u00e4ytt\u00f6\u00e4 - Kaleva Media Verkkokauppa","og_description":"Kaleva.fi on\u00a0pohjoisen Suomen tavoittavin uutismedia. Tutustu mediaan halutessasi lis\u00e4\u00e4 klikkaamalla\u00a0t\u00e4st\u00e4! Kampanjaan kuuluu 200 000 mainosn\u00e4ytt\u00f6\u00e4 ja ne saa k\u00e4ytt\u00e4\u00e4 haluamalleen ajalle \u2013 suosittelemme kuitenkin noin kahden viikon aikajaksoa. Kampanjan tulee alkaa 16.2.\u201331.3.2026\u00a0v\u00e4lisen\u00e4 aikana.    Aineistokoot: Desktop ja mobiili: 300x250 px    Kampanjaetu koskee vain uusia varauksia. Hinta ei sis\u00e4ll\u00e4 mahdollisen mainosaineiston valmistusta. Sitovat varaukset tehd\u00e4\u00e4n kerralla ja niit\u00e4 ei voi siirt\u00e4\u00e4 kampanja-ajalta toiselle. Hintaan lis\u00e4t\u00e4\u00e4n alv. Voit tutustua tarkempiin tilaus- ja myyntiehtoihin halutessasi t\u00e4\u00e4lt\u00e4.","og_url":"https:\/\/kauppa.kalevamedia.fi\/index.php\/tuote\/kaleva-fi-boksi-200-000-nayttoa\/","og_site_name":"Kaleva Media Verkkokauppa","article_modified_time":"2026-02-08T17:33:11+00:00","og_image":[{"width":600,"height":600,"url":"https:\/\/kauppa.kalevamedia.fi\/wp-content\/uploads\/2023\/11\/Boksi-63-1.png","type":"image\/png"}],"twitter_card":"summary_large_image","twitter_misc":{"Arvioitu lukuaika":"1 minuutti"},"schema":{"@context":"https:\/\/schema.org","@graph":[{"@type":"WebPage","@id":"https:\/\/kauppa.kalevamedia.fi\/index.php\/tuote\/kaleva-fi-boksi-200-000-nayttoa\/","url":"https:\/\/kauppa.kalevamedia.fi\/index.php\/tuote\/kaleva-fi-boksi-200-000-nayttoa\/","name":"Kaleva.fi - Boksi - 200 000 n\u00e4ytt\u00f6\u00e4 - Kaleva Media Verkkokauppa","isPartOf":{"@id":"https:\/\/kauppa.kalevamedia.fi\/#website"},"primaryImageOfPage":{"@id":"https:\/\/kauppa.kalevamedia.fi\/index.php\/tuote\/kaleva-fi-boksi-200-000-nayttoa\/#primaryimage"},"image":{"@id":"https:\/\/kauppa.kalevamedia.fi\/index.php\/tuote\/kaleva-fi-boksi-200-000-nayttoa\/#primaryimage"},"thumbnailUrl":"https:\/\/kauppa.kalevamedia.fi\/wp-content\/uploads\/2023\/11\/Boksi-63-1.png","datePublished":"2023-11-21T11:45:13+00:00","dateModified":"2026-02-08T17:33:11+00:00","breadcrumb":{"@id":"https:\/\/kauppa.kalevamedia.fi\/index.php\/tuote\/kaleva-fi-boksi-200-000-nayttoa\/#breadcrumb"},"inLanguage":"fi","potentialAction":[{"@type":"ReadAction","target":["https:\/\/kauppa.kalevamedia.fi\/index.php\/tuote\/kaleva-fi-boksi-200-000-nayttoa\/"]}]},{"@type":"ImageObject","inLanguage":"fi","@id":"https:\/\/kauppa.kalevamedia.fi\/index.php\/tuote\/kaleva-fi-boksi-200-000-nayttoa\/#primaryimage","url":"https:\/\/kauppa.kalevamedia.fi\/wp-content\/uploads\/2023\/11\/Boksi-63-1.png","contentUrl":"https:\/\/kauppa.kalevamedia.fi\/wp-content\/uploads\/2023\/11\/Boksi-63-1.png","width":600,"height":600},{"@type":"BreadcrumbList","@id":"https:\/\/kauppa.kalevamedia.fi\/index.php\/tuote\/kaleva-fi-boksi-200-000-nayttoa\/#breadcrumb","itemListElement":[{"@type":"ListItem","position":1,"name":"Home","item":"https:\/\/kauppa.kalevamedia.fi\/"},{"@type":"ListItem","position":2,"name":"Kaleva.fi &#8211; Boksi &#8211; 200 000 n\u00e4ytt\u00f6\u00e4"}]},{"@type":"WebSite","@id":"https:\/\/kauppa.kalevamedia.fi\/#website","url":"https:\/\/kauppa.kalevamedia.fi\/","name":"Kaleva Media Verkkokauppa","description":"Kaleva Media B2B Asiakasratkaisut","publisher":{"@id":"https:\/\/kauppa.kalevamedia.fi\/#organization"},"potentialAction":[{"@type":"SearchAction","target":{"@type":"EntryPoint","urlTemplate":"https:\/\/kauppa.kalevamedia.fi\/?s={search_term_string}"},"query-input":{"@type":"PropertyValueSpecification","valueRequired":true,"valueName":"search_term_string"}}],"inLanguage":"fi"},{"@type":"Organization","@id":"https:\/\/kauppa.kalevamedia.fi\/#organization","name":"Kaleva Media Verkkokauppa","url":"https:\/\/kauppa.kalevamedia.fi\/","logo":{"@type":"ImageObject","inLanguage":"fi","@id":"https:\/\/kauppa.kalevamedia.fi\/#\/schema\/logo\/image\/","url":"https:\/\/kauppa.kalevamedia.fi\/wp-content\/uploads\/2023\/11\/Kalevamedia_logo_pystyposa.png","contentUrl":"https:\/\/kauppa.kalevamedia.fi\/wp-content\/uploads\/2023\/11\/Kalevamedia_logo_pystyposa.png","width":954,"height":690,"caption":"Kaleva Media Verkkokauppa"},"image":{"@id":"https:\/\/kauppa.kalevamedia.fi\/#\/schema\/logo\/image\/"}}]}},"_links":{"self":[{"href":"https:\/\/kauppa.kalevamedia.fi\/index.php\/wp-json\/wp\/v2\/product\/9715","targetHints":{"allow":["GET"]}}],"collection":[{"href":"https:\/\/kauppa.kalevamedia.fi\/index.php\/wp-json\/wp\/v2\/product"}],"about":[{"href":"https:\/\/kauppa.kalevamedia.fi\/index.php\/wp-json\/wp\/v2\/types\/product"}],"wp:featuredmedia":[{"embeddable":true,"href":"https:\/\/kauppa.kalevamedia.fi\/index.php\/wp-json\/wp\/v2\/media\/11533"}],"wp:attachment":[{"href":"https:\/\/kauppa.kalevamedia.fi\/index.php\/wp-json\/wp\/v2\/media?parent=9715"}],"wp:term":[{"taxonomy":"product_brand","embeddable":true,"href":"https:\/\/kauppa.kalevamedia.fi\/index.php\/wp-json\/wp\/v2\/product_brand?post=9715"},{"taxonomy":"product_cat","embeddable":true,"href":"https:\/\/kauppa.kalevamedia.fi\/index.php\/wp-json\/wp\/v2\/product_cat?post=9715"},{"taxonomy":"product_tag","embeddable":true,"href":"https:\/\/kauppa.kalevamedia.fi\/index.php\/wp-json\/wp\/v2\/product_tag?post=9715"}],"curies":[{"name":"wp","href":"https:\/\/api.w.org\/{rel}","templated":true}]}}