{"id":7259,"date":"2021-11-18T15:36:37","date_gmt":"2021-11-18T13:36:37","guid":{"rendered":"https:\/\/kauppa.kalevamedia.fi\/?post_type=product&#038;p=7259"},"modified":"2026-02-12T11:49:06","modified_gmt":"2026-02-12T09:49:06","slug":"mainostajan-artikkelin-tuplapaketti-pyhajokiseutu-fi-pyhajokiseutu-koko-sivu","status":"publish","type":"product","link":"https:\/\/kauppa.kalevamedia.fi\/index.php\/tuote\/mainostajan-artikkelin-tuplapaketti-pyhajokiseutu-fi-pyhajokiseutu-koko-sivu\/","title":{"rendered":"Natiiviartikkelin tuplapaketti &#8211; Pyhajokiseutu.fi &#038; Pyh\u00e4jokiseutu koko sivu"},"content":{"rendered":"","protected":false},"excerpt":{"rendered":"<p>Tuo yrityksesi viesti osaksi lukijoidemme uutisp\u00e4iv\u00e4\u00e4 natiiviartikkelilla. Hyv\u00e4ll\u00e4 sis\u00e4ll\u00f6ll\u00e4 saat lukijan pys\u00e4htym\u00e4\u00e4n ja viett\u00e4m\u00e4\u00e4n aikaa yrityksesi viestin parissa. Artikkeli n\u00e4kyy valitsemasi p\u00e4iv\u00e4n lehdess\u00e4 sek\u00e4 viikon Pyhajokiseutu.fi:ss\u00e4. Kurkkaa esimerkki artikkelista <span style=\"text-decoration: underline;\"><strong><a href=\"https:\/\/www.pyhajokiseutu.fi\/limingassa-luovan-alan-yrittajilla-on-tilaa-inspir\/4705074\" target=\"_blank\" rel=\"noopener\">t\u00e4\u00e4lt\u00e4!<\/a><\/strong><\/span><\/p>\n<p>Hinta ei sis\u00e4ll\u00e4 sis\u00e4ll\u00f6ntuotantoa tai taittoa. Voit k\u00e4ytt\u00e4\u00e4 yrityksenne omaa, valmista sis\u00e4lt\u00f6\u00e4, tai <span style=\"text-decoration: underline;\"><strong><a href=\"https:\/\/kauppa.kalevamedia.fi\/index.php\/tuote\/sisallontuotanto-artikkeleihin\/\" target=\"_blank\" rel=\"noopener\">hankkia sis\u00e4ll\u00f6ntuotannon meilt\u00e4<\/a>.<\/strong><\/span><\/p>\n<p>N\u00e4kyvyys tulee k\u00e4ytt\u00e4\u00e4 <strong>16.2.\u201330.4.2026<\/strong><strong>\u00a0<\/strong>v\u00e4lisen\u00e4 aikana.\u00a0Natiiviartikkelissa k\u00e4ytett\u00e4v\u00e4t linkitykset ovat muotoa nofollow.<\/p>\n<hr \/>\n<p>Kampanjaetu koskee vain uusia varauksia. Sitovat varaukset tehd\u00e4\u00e4n kerralla ja niit\u00e4 ei voi siirt\u00e4\u00e4 kampanja-ajalta toiselle. Hintaan lis\u00e4t\u00e4\u00e4n alv. Voit tutustua tarkempiin tilaus- ja myyntiehtoihin halutessasi <span style=\"text-decoration: underline;\"><a href=\"https:\/\/kauppa.kalevamedia.fi\/index.php\/myyntiehdot\/\" target=\"_blank\" rel=\"noopener\"><strong>t\u00e4\u00e4lt\u00e4.<\/strong><\/a><\/span><\/p>\n","protected":false},"featured_media":10910,"template":"","meta":[],"product_brand":[],"product_cat":[80,162],"product_tag":[],"class_list":{"0":"post-7259","1":"product","2":"type-product","3":"status-publish","4":"has-post-thumbnail","6":"product_cat-pyhajokiseutu","7":"product_cat-pyhajokiseutu-natiivi","9":"first","10":"instock","11":"sale","12":"shipping-taxable","13":"purchasable","14":"product-type-simple"},"exclude_global_add_ons":[],"addons":[],"yoast_head":"<!-- This site is optimized with the Yoast SEO plugin v27.4 - https:\/\/yoast.com\/product\/yoast-seo-wordpress\/ -->\n<title>Natiiviartikkelin tuplapaketti - Pyhajokiseutu.fi &amp; Pyh\u00e4jokiseutu koko sivu - Kaleva Media Verkkokauppa<\/title>\n<meta name=\"robots\" content=\"index, follow, max-snippet:-1, max-image-preview:large, max-video-preview:-1\" \/>\n<link rel=\"canonical\" href=\"https:\/\/kauppa.kalevamedia.fi\/index.php\/tuote\/mainostajan-artikkelin-tuplapaketti-pyhajokiseutu-fi-pyhajokiseutu-koko-sivu\/\" \/>\n<meta property=\"og:locale\" content=\"fi_FI\" \/>\n<meta property=\"og:type\" content=\"article\" \/>\n<meta property=\"og:title\" content=\"Natiiviartikkelin tuplapaketti - Pyhajokiseutu.fi &amp; Pyh\u00e4jokiseutu koko sivu - Kaleva Media Verkkokauppa\" \/>\n<meta property=\"og:description\" content=\"Tuo yrityksesi viesti osaksi lukijoidemme uutisp\u00e4iv\u00e4\u00e4 natiiviartikkelilla. Hyv\u00e4ll\u00e4 sis\u00e4ll\u00f6ll\u00e4 saat lukijan pys\u00e4htym\u00e4\u00e4n ja viett\u00e4m\u00e4\u00e4n aikaa yrityksesi viestin parissa. Artikkeli n\u00e4kyy valitsemasi p\u00e4iv\u00e4n lehdess\u00e4 sek\u00e4 viikon Pyhajokiseutu.fi:ss\u00e4. Kurkkaa esimerkki artikkelista t\u00e4\u00e4lt\u00e4!  Hinta ei sis\u00e4ll\u00e4 sis\u00e4ll\u00f6ntuotantoa tai taittoa. Voit k\u00e4ytt\u00e4\u00e4 yrityksenne omaa, valmista sis\u00e4lt\u00f6\u00e4, tai hankkia sis\u00e4ll\u00f6ntuotannon meilt\u00e4.  N\u00e4kyvyys tulee k\u00e4ytt\u00e4\u00e4 16.2.\u201330.4.2026\u00a0v\u00e4lisen\u00e4 aikana.\u00a0Natiiviartikkelissa k\u00e4ytett\u00e4v\u00e4t linkitykset ovat muotoa nofollow.    Kampanjaetu koskee vain uusia varauksia. Sitovat varaukset tehd\u00e4\u00e4n kerralla ja niit\u00e4 ei voi siirt\u00e4\u00e4 kampanja-ajalta toiselle. Hintaan lis\u00e4t\u00e4\u00e4n alv. Voit tutustua tarkempiin tilaus- ja myyntiehtoihin halutessasi t\u00e4\u00e4lt\u00e4.\" \/>\n<meta property=\"og:url\" content=\"https:\/\/kauppa.kalevamedia.fi\/index.php\/tuote\/mainostajan-artikkelin-tuplapaketti-pyhajokiseutu-fi-pyhajokiseutu-koko-sivu\/\" \/>\n<meta property=\"og:site_name\" content=\"Kaleva Media Verkkokauppa\" \/>\n<meta property=\"article:modified_time\" content=\"2026-02-12T09:49:06+00:00\" \/>\n<meta property=\"og:image\" content=\"https:\/\/kauppa.kalevamedia.fi\/wp-content\/uploads\/2021\/11\/Sima-kokosivu-digi-69.png\" \/>\n\t<meta property=\"og:image:width\" content=\"600\" \/>\n\t<meta property=\"og:image:height\" content=\"600\" \/>\n\t<meta property=\"og:image:type\" content=\"image\/png\" \/>\n<meta name=\"twitter:card\" content=\"summary_large_image\" \/>\n<meta name=\"twitter:label1\" content=\"Arvioitu lukuaika\" \/>\n\t<meta name=\"twitter:data1\" content=\"1 minuutti\" \/>\n<script type=\"application\/ld+json\" class=\"yoast-schema-graph\">{\"@context\":\"https:\\\/\\\/schema.org\",\"@graph\":[{\"@type\":\"WebPage\",\"@id\":\"https:\\\/\\\/kauppa.kalevamedia.fi\\\/index.php\\\/tuote\\\/mainostajan-artikkelin-tuplapaketti-pyhajokiseutu-fi-pyhajokiseutu-koko-sivu\\\/\",\"url\":\"https:\\\/\\\/kauppa.kalevamedia.fi\\\/index.php\\\/tuote\\\/mainostajan-artikkelin-tuplapaketti-pyhajokiseutu-fi-pyhajokiseutu-koko-sivu\\\/\",\"name\":\"Natiiviartikkelin tuplapaketti - Pyhajokiseutu.fi & Pyh\u00e4jokiseutu koko sivu - Kaleva Media Verkkokauppa\",\"isPartOf\":{\"@id\":\"https:\\\/\\\/kauppa.kalevamedia.fi\\\/#website\"},\"primaryImageOfPage\":{\"@id\":\"https:\\\/\\\/kauppa.kalevamedia.fi\\\/index.php\\\/tuote\\\/mainostajan-artikkelin-tuplapaketti-pyhajokiseutu-fi-pyhajokiseutu-koko-sivu\\\/#primaryimage\"},\"image\":{\"@id\":\"https:\\\/\\\/kauppa.kalevamedia.fi\\\/index.php\\\/tuote\\\/mainostajan-artikkelin-tuplapaketti-pyhajokiseutu-fi-pyhajokiseutu-koko-sivu\\\/#primaryimage\"},\"thumbnailUrl\":\"https:\\\/\\\/kauppa.kalevamedia.fi\\\/wp-content\\\/uploads\\\/2021\\\/11\\\/Sima-kokosivu-digi-69.png\",\"datePublished\":\"2021-11-18T13:36:37+00:00\",\"dateModified\":\"2026-02-12T09:49:06+00:00\",\"breadcrumb\":{\"@id\":\"https:\\\/\\\/kauppa.kalevamedia.fi\\\/index.php\\\/tuote\\\/mainostajan-artikkelin-tuplapaketti-pyhajokiseutu-fi-pyhajokiseutu-koko-sivu\\\/#breadcrumb\"},\"inLanguage\":\"fi\",\"potentialAction\":[{\"@type\":\"ReadAction\",\"target\":[\"https:\\\/\\\/kauppa.kalevamedia.fi\\\/index.php\\\/tuote\\\/mainostajan-artikkelin-tuplapaketti-pyhajokiseutu-fi-pyhajokiseutu-koko-sivu\\\/\"]}]},{\"@type\":\"ImageObject\",\"inLanguage\":\"fi\",\"@id\":\"https:\\\/\\\/kauppa.kalevamedia.fi\\\/index.php\\\/tuote\\\/mainostajan-artikkelin-tuplapaketti-pyhajokiseutu-fi-pyhajokiseutu-koko-sivu\\\/#primaryimage\",\"url\":\"https:\\\/\\\/kauppa.kalevamedia.fi\\\/wp-content\\\/uploads\\\/2021\\\/11\\\/Sima-kokosivu-digi-69.png\",\"contentUrl\":\"https:\\\/\\\/kauppa.kalevamedia.fi\\\/wp-content\\\/uploads\\\/2021\\\/11\\\/Sima-kokosivu-digi-69.png\",\"width\":600,\"height\":600},{\"@type\":\"BreadcrumbList\",\"@id\":\"https:\\\/\\\/kauppa.kalevamedia.fi\\\/index.php\\\/tuote\\\/mainostajan-artikkelin-tuplapaketti-pyhajokiseutu-fi-pyhajokiseutu-koko-sivu\\\/#breadcrumb\",\"itemListElement\":[{\"@type\":\"ListItem\",\"position\":1,\"name\":\"Home\",\"item\":\"https:\\\/\\\/kauppa.kalevamedia.fi\\\/\"},{\"@type\":\"ListItem\",\"position\":2,\"name\":\"Natiiviartikkelin tuplapaketti &#8211; Pyhajokiseutu.fi &#038; Pyh\u00e4jokiseutu koko sivu\"}]},{\"@type\":\"WebSite\",\"@id\":\"https:\\\/\\\/kauppa.kalevamedia.fi\\\/#website\",\"url\":\"https:\\\/\\\/kauppa.kalevamedia.fi\\\/\",\"name\":\"Kaleva Media Verkkokauppa\",\"description\":\"Kaleva Media B2B Asiakasratkaisut\",\"publisher\":{\"@id\":\"https:\\\/\\\/kauppa.kalevamedia.fi\\\/#organization\"},\"potentialAction\":[{\"@type\":\"SearchAction\",\"target\":{\"@type\":\"EntryPoint\",\"urlTemplate\":\"https:\\\/\\\/kauppa.kalevamedia.fi\\\/?s={search_term_string}\"},\"query-input\":{\"@type\":\"PropertyValueSpecification\",\"valueRequired\":true,\"valueName\":\"search_term_string\"}}],\"inLanguage\":\"fi\"},{\"@type\":\"Organization\",\"@id\":\"https:\\\/\\\/kauppa.kalevamedia.fi\\\/#organization\",\"name\":\"Kaleva Media Verkkokauppa\",\"url\":\"https:\\\/\\\/kauppa.kalevamedia.fi\\\/\",\"logo\":{\"@type\":\"ImageObject\",\"inLanguage\":\"fi\",\"@id\":\"https:\\\/\\\/kauppa.kalevamedia.fi\\\/#\\\/schema\\\/logo\\\/image\\\/\",\"url\":\"https:\\\/\\\/kauppa.kalevamedia.fi\\\/wp-content\\\/uploads\\\/2023\\\/11\\\/Kalevamedia_logo_pystyposa.png\",\"contentUrl\":\"https:\\\/\\\/kauppa.kalevamedia.fi\\\/wp-content\\\/uploads\\\/2023\\\/11\\\/Kalevamedia_logo_pystyposa.png\",\"width\":954,\"height\":690,\"caption\":\"Kaleva Media Verkkokauppa\"},\"image\":{\"@id\":\"https:\\\/\\\/kauppa.kalevamedia.fi\\\/#\\\/schema\\\/logo\\\/image\\\/\"}}]}<\/script>\n<!-- \/ Yoast SEO plugin. -->","yoast_head_json":{"title":"Natiiviartikkelin tuplapaketti - Pyhajokiseutu.fi & Pyh\u00e4jokiseutu koko sivu - Kaleva Media Verkkokauppa","robots":{"index":"index","follow":"follow","max-snippet":"max-snippet:-1","max-image-preview":"max-image-preview:large","max-video-preview":"max-video-preview:-1"},"canonical":"https:\/\/kauppa.kalevamedia.fi\/index.php\/tuote\/mainostajan-artikkelin-tuplapaketti-pyhajokiseutu-fi-pyhajokiseutu-koko-sivu\/","og_locale":"fi_FI","og_type":"article","og_title":"Natiiviartikkelin tuplapaketti - Pyhajokiseutu.fi & Pyh\u00e4jokiseutu koko sivu - Kaleva Media Verkkokauppa","og_description":"Tuo yrityksesi viesti osaksi lukijoidemme uutisp\u00e4iv\u00e4\u00e4 natiiviartikkelilla. Hyv\u00e4ll\u00e4 sis\u00e4ll\u00f6ll\u00e4 saat lukijan pys\u00e4htym\u00e4\u00e4n ja viett\u00e4m\u00e4\u00e4n aikaa yrityksesi viestin parissa. Artikkeli n\u00e4kyy valitsemasi p\u00e4iv\u00e4n lehdess\u00e4 sek\u00e4 viikon Pyhajokiseutu.fi:ss\u00e4. Kurkkaa esimerkki artikkelista t\u00e4\u00e4lt\u00e4!  Hinta ei sis\u00e4ll\u00e4 sis\u00e4ll\u00f6ntuotantoa tai taittoa. Voit k\u00e4ytt\u00e4\u00e4 yrityksenne omaa, valmista sis\u00e4lt\u00f6\u00e4, tai hankkia sis\u00e4ll\u00f6ntuotannon meilt\u00e4.  N\u00e4kyvyys tulee k\u00e4ytt\u00e4\u00e4 16.2.\u201330.4.2026\u00a0v\u00e4lisen\u00e4 aikana.\u00a0Natiiviartikkelissa k\u00e4ytett\u00e4v\u00e4t linkitykset ovat muotoa nofollow.    Kampanjaetu koskee vain uusia varauksia. Sitovat varaukset tehd\u00e4\u00e4n kerralla ja niit\u00e4 ei voi siirt\u00e4\u00e4 kampanja-ajalta toiselle. Hintaan lis\u00e4t\u00e4\u00e4n alv. Voit tutustua tarkempiin tilaus- ja myyntiehtoihin halutessasi t\u00e4\u00e4lt\u00e4.","og_url":"https:\/\/kauppa.kalevamedia.fi\/index.php\/tuote\/mainostajan-artikkelin-tuplapaketti-pyhajokiseutu-fi-pyhajokiseutu-koko-sivu\/","og_site_name":"Kaleva Media Verkkokauppa","article_modified_time":"2026-02-12T09:49:06+00:00","og_image":[{"width":600,"height":600,"url":"https:\/\/kauppa.kalevamedia.fi\/wp-content\/uploads\/2021\/11\/Sima-kokosivu-digi-69.png","type":"image\/png"}],"twitter_card":"summary_large_image","twitter_misc":{"Arvioitu lukuaika":"1 minuutti"},"schema":{"@context":"https:\/\/schema.org","@graph":[{"@type":"WebPage","@id":"https:\/\/kauppa.kalevamedia.fi\/index.php\/tuote\/mainostajan-artikkelin-tuplapaketti-pyhajokiseutu-fi-pyhajokiseutu-koko-sivu\/","url":"https:\/\/kauppa.kalevamedia.fi\/index.php\/tuote\/mainostajan-artikkelin-tuplapaketti-pyhajokiseutu-fi-pyhajokiseutu-koko-sivu\/","name":"Natiiviartikkelin tuplapaketti - Pyhajokiseutu.fi & Pyh\u00e4jokiseutu koko sivu - Kaleva Media Verkkokauppa","isPartOf":{"@id":"https:\/\/kauppa.kalevamedia.fi\/#website"},"primaryImageOfPage":{"@id":"https:\/\/kauppa.kalevamedia.fi\/index.php\/tuote\/mainostajan-artikkelin-tuplapaketti-pyhajokiseutu-fi-pyhajokiseutu-koko-sivu\/#primaryimage"},"image":{"@id":"https:\/\/kauppa.kalevamedia.fi\/index.php\/tuote\/mainostajan-artikkelin-tuplapaketti-pyhajokiseutu-fi-pyhajokiseutu-koko-sivu\/#primaryimage"},"thumbnailUrl":"https:\/\/kauppa.kalevamedia.fi\/wp-content\/uploads\/2021\/11\/Sima-kokosivu-digi-69.png","datePublished":"2021-11-18T13:36:37+00:00","dateModified":"2026-02-12T09:49:06+00:00","breadcrumb":{"@id":"https:\/\/kauppa.kalevamedia.fi\/index.php\/tuote\/mainostajan-artikkelin-tuplapaketti-pyhajokiseutu-fi-pyhajokiseutu-koko-sivu\/#breadcrumb"},"inLanguage":"fi","potentialAction":[{"@type":"ReadAction","target":["https:\/\/kauppa.kalevamedia.fi\/index.php\/tuote\/mainostajan-artikkelin-tuplapaketti-pyhajokiseutu-fi-pyhajokiseutu-koko-sivu\/"]}]},{"@type":"ImageObject","inLanguage":"fi","@id":"https:\/\/kauppa.kalevamedia.fi\/index.php\/tuote\/mainostajan-artikkelin-tuplapaketti-pyhajokiseutu-fi-pyhajokiseutu-koko-sivu\/#primaryimage","url":"https:\/\/kauppa.kalevamedia.fi\/wp-content\/uploads\/2021\/11\/Sima-kokosivu-digi-69.png","contentUrl":"https:\/\/kauppa.kalevamedia.fi\/wp-content\/uploads\/2021\/11\/Sima-kokosivu-digi-69.png","width":600,"height":600},{"@type":"BreadcrumbList","@id":"https:\/\/kauppa.kalevamedia.fi\/index.php\/tuote\/mainostajan-artikkelin-tuplapaketti-pyhajokiseutu-fi-pyhajokiseutu-koko-sivu\/#breadcrumb","itemListElement":[{"@type":"ListItem","position":1,"name":"Home","item":"https:\/\/kauppa.kalevamedia.fi\/"},{"@type":"ListItem","position":2,"name":"Natiiviartikkelin tuplapaketti &#8211; Pyhajokiseutu.fi &#038; Pyh\u00e4jokiseutu koko sivu"}]},{"@type":"WebSite","@id":"https:\/\/kauppa.kalevamedia.fi\/#website","url":"https:\/\/kauppa.kalevamedia.fi\/","name":"Kaleva Media Verkkokauppa","description":"Kaleva Media B2B Asiakasratkaisut","publisher":{"@id":"https:\/\/kauppa.kalevamedia.fi\/#organization"},"potentialAction":[{"@type":"SearchAction","target":{"@type":"EntryPoint","urlTemplate":"https:\/\/kauppa.kalevamedia.fi\/?s={search_term_string}"},"query-input":{"@type":"PropertyValueSpecification","valueRequired":true,"valueName":"search_term_string"}}],"inLanguage":"fi"},{"@type":"Organization","@id":"https:\/\/kauppa.kalevamedia.fi\/#organization","name":"Kaleva Media Verkkokauppa","url":"https:\/\/kauppa.kalevamedia.fi\/","logo":{"@type":"ImageObject","inLanguage":"fi","@id":"https:\/\/kauppa.kalevamedia.fi\/#\/schema\/logo\/image\/","url":"https:\/\/kauppa.kalevamedia.fi\/wp-content\/uploads\/2023\/11\/Kalevamedia_logo_pystyposa.png","contentUrl":"https:\/\/kauppa.kalevamedia.fi\/wp-content\/uploads\/2023\/11\/Kalevamedia_logo_pystyposa.png","width":954,"height":690,"caption":"Kaleva Media Verkkokauppa"},"image":{"@id":"https:\/\/kauppa.kalevamedia.fi\/#\/schema\/logo\/image\/"}}]}},"_links":{"self":[{"href":"https:\/\/kauppa.kalevamedia.fi\/index.php\/wp-json\/wp\/v2\/product\/7259","targetHints":{"allow":["GET"]}}],"collection":[{"href":"https:\/\/kauppa.kalevamedia.fi\/index.php\/wp-json\/wp\/v2\/product"}],"about":[{"href":"https:\/\/kauppa.kalevamedia.fi\/index.php\/wp-json\/wp\/v2\/types\/product"}],"wp:featuredmedia":[{"embeddable":true,"href":"https:\/\/kauppa.kalevamedia.fi\/index.php\/wp-json\/wp\/v2\/media\/10910"}],"wp:attachment":[{"href":"https:\/\/kauppa.kalevamedia.fi\/index.php\/wp-json\/wp\/v2\/media?parent=7259"}],"wp:term":[{"taxonomy":"product_brand","embeddable":true,"href":"https:\/\/kauppa.kalevamedia.fi\/index.php\/wp-json\/wp\/v2\/product_brand?post=7259"},{"taxonomy":"product_cat","embeddable":true,"href":"https:\/\/kauppa.kalevamedia.fi\/index.php\/wp-json\/wp\/v2\/product_cat?post=7259"},{"taxonomy":"product_tag","embeddable":true,"href":"https:\/\/kauppa.kalevamedia.fi\/index.php\/wp-json\/wp\/v2\/product_tag?post=7259"}],"curies":[{"name":"wp","href":"https:\/\/api.w.org\/{rel}","templated":true}]}}