{"id":6284,"date":"2023-11-21T13:00:32","date_gmt":"2023-11-21T11:00:32","guid":{"rendered":"https:\/\/kauppa.kalevamedia.fi\/?post_type=product&#038;p=6284"},"modified":"2026-02-13T00:19:30","modified_gmt":"2026-02-12T22:19:30","slug":"kaleva-media-ron-huippupaketti-200-000-nayttoa","status":"publish","type":"product","link":"https:\/\/kauppa.kalevamedia.fi\/index.php\/tuote\/kaleva-media-ron-huippupaketti-200-000-nayttoa\/","title":{"rendered":"Kaleva Media RON &#8211; Huippupaketti &#8211; 200 000 n\u00e4ytt\u00f6\u00e4"},"content":{"rendered":"","protected":false},"excerpt":{"rendered":"<p>RON-kampanjoissa mainos n\u00e4kyy l\u00e4pi Kaleva Median verkoston: Kaleva.fi, Lapinkansa.fi, Koillissanomat.fi, Raahenseutu.fi, Pyhajokiseutu.fi, Siikajokilaakso.fi, Iijokiseutu.fi, Rantalakeus.fi. Kampanjasi tavoittaa parhaimmillaan jopa puoli Suomea!<\/p>\n<p>Kampanjaan kuuluu 200 000 mainosn\u00e4ytt\u00f6\u00e4 ja ne saa k\u00e4ytt\u00e4\u00e4 haluamalleen ajalle \u2013 suosittelemme kuitenkin noin 2 viikon aikajaksoa. Kampanjan tulee alkaa <strong>16.2.\u201331.3.2026 <\/strong>v\u00e4lisen\u00e4 aikana.<\/p>\n<hr \/>\n<p><strong>Aineistokoot:<\/strong><br \/>\nDesktop: 980&#215;400 px<br \/>\nMobiili: 300&#215;300 px<\/p>\n<hr \/>\n<p>Kampanjaetu koskee vain uusia varauksia. Hinta ei sis\u00e4ll\u00e4 mahdollisen mainosaineiston valmistusta. Sitovat varaukset tehd\u00e4\u00e4n kerralla ja niit\u00e4 ei voi siirt\u00e4\u00e4 kampanja-ajalta toiselle. Hintaan lis\u00e4t\u00e4\u00e4n alv. Voit tutustua tarkempiin tilaus- ja myyntiehtoihin halutessasi <span style=\"text-decoration: underline;\"><a href=\"https:\/\/kauppa.kalevamedia.fi\/index.php\/myyntiehdot\/\" target=\"_blank\" rel=\"noopener\"><strong>t\u00e4\u00e4lt\u00e4.<\/strong><\/a><\/span><\/p>\n","protected":false},"featured_media":12696,"template":"","meta":[],"product_brand":[],"product_cat":[68,70,72,74],"product_tag":[],"class_list":{"0":"post-6284","1":"product","2":"type-product","3":"status-publish","4":"has-post-thumbnail","6":"product_cat-kaleva","7":"product_cat-kaleva-display","8":"product_cat-lapin-kansa","9":"product_cat-lapin-kansa-display","11":"first","12":"instock","13":"sale","14":"featured","15":"shipping-taxable","16":"purchasable","17":"product-type-simple"},"exclude_global_add_ons":[],"addons":[],"yoast_head":"<!-- This site is optimized with the Yoast SEO plugin v27.5 - https:\/\/yoast.com\/product\/yoast-seo-wordpress\/ -->\n<title>Kaleva Media RON - Huippupaketti - 200 000 n\u00e4ytt\u00f6\u00e4 - Kaleva Media Verkkokauppa<\/title>\n<meta name=\"robots\" content=\"index, follow, max-snippet:-1, max-image-preview:large, max-video-preview:-1\" \/>\n<link rel=\"canonical\" href=\"https:\/\/kauppa.kalevamedia.fi\/index.php\/tuote\/kaleva-media-ron-huippupaketti-200-000-nayttoa\/\" \/>\n<meta property=\"og:locale\" content=\"fi_FI\" \/>\n<meta property=\"og:type\" content=\"article\" \/>\n<meta property=\"og:title\" content=\"Kaleva Media RON - Huippupaketti - 200 000 n\u00e4ytt\u00f6\u00e4 - Kaleva Media Verkkokauppa\" \/>\n<meta property=\"og:description\" content=\"RON-kampanjoissa mainos n\u00e4kyy l\u00e4pi Kaleva Median verkoston: Kaleva.fi, Lapinkansa.fi, Koillissanomat.fi, Raahenseutu.fi, Pyhajokiseutu.fi, Siikajokilaakso.fi, Iijokiseutu.fi, Rantalakeus.fi. Kampanjasi tavoittaa parhaimmillaan jopa puoli Suomea!  Kampanjaan kuuluu 200 000 mainosn\u00e4ytt\u00f6\u00e4 ja ne saa k\u00e4ytt\u00e4\u00e4 haluamalleen ajalle \u2013 suosittelemme kuitenkin noin 2 viikon aikajaksoa. Kampanjan tulee alkaa 16.2.\u201331.3.2026 v\u00e4lisen\u00e4 aikana.    Aineistokoot: Desktop: 980x400 px Mobiili: 300x300 px    Kampanjaetu koskee vain uusia varauksia. Hinta ei sis\u00e4ll\u00e4 mahdollisen mainosaineiston valmistusta. Sitovat varaukset tehd\u00e4\u00e4n kerralla ja niit\u00e4 ei voi siirt\u00e4\u00e4 kampanja-ajalta toiselle. Hintaan lis\u00e4t\u00e4\u00e4n alv. Voit tutustua tarkempiin tilaus- ja myyntiehtoihin halutessasi t\u00e4\u00e4lt\u00e4.\" \/>\n<meta property=\"og:url\" content=\"https:\/\/kauppa.kalevamedia.fi\/index.php\/tuote\/kaleva-media-ron-huippupaketti-200-000-nayttoa\/\" \/>\n<meta property=\"og:site_name\" content=\"Kaleva Media Verkkokauppa\" \/>\n<meta property=\"article:modified_time\" content=\"2026-02-12T22:19:30+00:00\" \/>\n<meta property=\"og:image\" content=\"https:\/\/kauppa.kalevamedia.fi\/wp-content\/uploads\/2023\/11\/Huippupaketti-63-416x416-1.png\" \/>\n\t<meta property=\"og:image:width\" content=\"416\" \/>\n\t<meta property=\"og:image:height\" content=\"416\" \/>\n\t<meta property=\"og:image:type\" content=\"image\/png\" \/>\n<meta name=\"twitter:card\" content=\"summary_large_image\" \/>\n<meta name=\"twitter:label1\" content=\"Arvioitu lukuaika\" \/>\n\t<meta name=\"twitter:data1\" content=\"1 minuutti\" \/>\n<script type=\"application\/ld+json\" class=\"yoast-schema-graph\">{\"@context\":\"https:\\\/\\\/schema.org\",\"@graph\":[{\"@type\":\"WebPage\",\"@id\":\"https:\\\/\\\/kauppa.kalevamedia.fi\\\/index.php\\\/tuote\\\/kaleva-media-ron-huippupaketti-200-000-nayttoa\\\/\",\"url\":\"https:\\\/\\\/kauppa.kalevamedia.fi\\\/index.php\\\/tuote\\\/kaleva-media-ron-huippupaketti-200-000-nayttoa\\\/\",\"name\":\"Kaleva Media RON - Huippupaketti - 200 000 n\u00e4ytt\u00f6\u00e4 - Kaleva Media Verkkokauppa\",\"isPartOf\":{\"@id\":\"https:\\\/\\\/kauppa.kalevamedia.fi\\\/#website\"},\"primaryImageOfPage\":{\"@id\":\"https:\\\/\\\/kauppa.kalevamedia.fi\\\/index.php\\\/tuote\\\/kaleva-media-ron-huippupaketti-200-000-nayttoa\\\/#primaryimage\"},\"image\":{\"@id\":\"https:\\\/\\\/kauppa.kalevamedia.fi\\\/index.php\\\/tuote\\\/kaleva-media-ron-huippupaketti-200-000-nayttoa\\\/#primaryimage\"},\"thumbnailUrl\":\"https:\\\/\\\/kauppa.kalevamedia.fi\\\/wp-content\\\/uploads\\\/2023\\\/11\\\/Huippupaketti-63-416x416-1.png\",\"datePublished\":\"2023-11-21T11:00:32+00:00\",\"dateModified\":\"2026-02-12T22:19:30+00:00\",\"breadcrumb\":{\"@id\":\"https:\\\/\\\/kauppa.kalevamedia.fi\\\/index.php\\\/tuote\\\/kaleva-media-ron-huippupaketti-200-000-nayttoa\\\/#breadcrumb\"},\"inLanguage\":\"fi\",\"potentialAction\":[{\"@type\":\"ReadAction\",\"target\":[\"https:\\\/\\\/kauppa.kalevamedia.fi\\\/index.php\\\/tuote\\\/kaleva-media-ron-huippupaketti-200-000-nayttoa\\\/\"]}]},{\"@type\":\"ImageObject\",\"inLanguage\":\"fi\",\"@id\":\"https:\\\/\\\/kauppa.kalevamedia.fi\\\/index.php\\\/tuote\\\/kaleva-media-ron-huippupaketti-200-000-nayttoa\\\/#primaryimage\",\"url\":\"https:\\\/\\\/kauppa.kalevamedia.fi\\\/wp-content\\\/uploads\\\/2023\\\/11\\\/Huippupaketti-63-416x416-1.png\",\"contentUrl\":\"https:\\\/\\\/kauppa.kalevamedia.fi\\\/wp-content\\\/uploads\\\/2023\\\/11\\\/Huippupaketti-63-416x416-1.png\",\"width\":416,\"height\":416},{\"@type\":\"BreadcrumbList\",\"@id\":\"https:\\\/\\\/kauppa.kalevamedia.fi\\\/index.php\\\/tuote\\\/kaleva-media-ron-huippupaketti-200-000-nayttoa\\\/#breadcrumb\",\"itemListElement\":[{\"@type\":\"ListItem\",\"position\":1,\"name\":\"Home\",\"item\":\"https:\\\/\\\/kauppa.kalevamedia.fi\\\/\"},{\"@type\":\"ListItem\",\"position\":2,\"name\":\"Kaleva Media RON &#8211; Huippupaketti &#8211; 200 000 n\u00e4ytt\u00f6\u00e4\"}]},{\"@type\":\"WebSite\",\"@id\":\"https:\\\/\\\/kauppa.kalevamedia.fi\\\/#website\",\"url\":\"https:\\\/\\\/kauppa.kalevamedia.fi\\\/\",\"name\":\"Kaleva Media Verkkokauppa\",\"description\":\"Kaleva Media B2B Asiakasratkaisut\",\"publisher\":{\"@id\":\"https:\\\/\\\/kauppa.kalevamedia.fi\\\/#organization\"},\"potentialAction\":[{\"@type\":\"SearchAction\",\"target\":{\"@type\":\"EntryPoint\",\"urlTemplate\":\"https:\\\/\\\/kauppa.kalevamedia.fi\\\/?s={search_term_string}\"},\"query-input\":{\"@type\":\"PropertyValueSpecification\",\"valueRequired\":true,\"valueName\":\"search_term_string\"}}],\"inLanguage\":\"fi\"},{\"@type\":\"Organization\",\"@id\":\"https:\\\/\\\/kauppa.kalevamedia.fi\\\/#organization\",\"name\":\"Kaleva Media Verkkokauppa\",\"url\":\"https:\\\/\\\/kauppa.kalevamedia.fi\\\/\",\"logo\":{\"@type\":\"ImageObject\",\"inLanguage\":\"fi\",\"@id\":\"https:\\\/\\\/kauppa.kalevamedia.fi\\\/#\\\/schema\\\/logo\\\/image\\\/\",\"url\":\"https:\\\/\\\/kauppa.kalevamedia.fi\\\/wp-content\\\/uploads\\\/2023\\\/11\\\/Kalevamedia_logo_pystyposa.png\",\"contentUrl\":\"https:\\\/\\\/kauppa.kalevamedia.fi\\\/wp-content\\\/uploads\\\/2023\\\/11\\\/Kalevamedia_logo_pystyposa.png\",\"width\":954,\"height\":690,\"caption\":\"Kaleva Media Verkkokauppa\"},\"image\":{\"@id\":\"https:\\\/\\\/kauppa.kalevamedia.fi\\\/#\\\/schema\\\/logo\\\/image\\\/\"}}]}<\/script>\n<!-- \/ Yoast SEO plugin. -->","yoast_head_json":{"title":"Kaleva Media RON - Huippupaketti - 200 000 n\u00e4ytt\u00f6\u00e4 - Kaleva Media Verkkokauppa","robots":{"index":"index","follow":"follow","max-snippet":"max-snippet:-1","max-image-preview":"max-image-preview:large","max-video-preview":"max-video-preview:-1"},"canonical":"https:\/\/kauppa.kalevamedia.fi\/index.php\/tuote\/kaleva-media-ron-huippupaketti-200-000-nayttoa\/","og_locale":"fi_FI","og_type":"article","og_title":"Kaleva Media RON - Huippupaketti - 200 000 n\u00e4ytt\u00f6\u00e4 - Kaleva Media Verkkokauppa","og_description":"RON-kampanjoissa mainos n\u00e4kyy l\u00e4pi Kaleva Median verkoston: Kaleva.fi, Lapinkansa.fi, Koillissanomat.fi, Raahenseutu.fi, Pyhajokiseutu.fi, Siikajokilaakso.fi, Iijokiseutu.fi, Rantalakeus.fi. Kampanjasi tavoittaa parhaimmillaan jopa puoli Suomea!  Kampanjaan kuuluu 200 000 mainosn\u00e4ytt\u00f6\u00e4 ja ne saa k\u00e4ytt\u00e4\u00e4 haluamalleen ajalle \u2013 suosittelemme kuitenkin noin 2 viikon aikajaksoa. Kampanjan tulee alkaa 16.2.\u201331.3.2026 v\u00e4lisen\u00e4 aikana.    Aineistokoot: Desktop: 980x400 px Mobiili: 300x300 px    Kampanjaetu koskee vain uusia varauksia. Hinta ei sis\u00e4ll\u00e4 mahdollisen mainosaineiston valmistusta. Sitovat varaukset tehd\u00e4\u00e4n kerralla ja niit\u00e4 ei voi siirt\u00e4\u00e4 kampanja-ajalta toiselle. Hintaan lis\u00e4t\u00e4\u00e4n alv. Voit tutustua tarkempiin tilaus- ja myyntiehtoihin halutessasi t\u00e4\u00e4lt\u00e4.","og_url":"https:\/\/kauppa.kalevamedia.fi\/index.php\/tuote\/kaleva-media-ron-huippupaketti-200-000-nayttoa\/","og_site_name":"Kaleva Media Verkkokauppa","article_modified_time":"2026-02-12T22:19:30+00:00","og_image":[{"width":416,"height":416,"url":"https:\/\/kauppa.kalevamedia.fi\/wp-content\/uploads\/2023\/11\/Huippupaketti-63-416x416-1.png","type":"image\/png"}],"twitter_card":"summary_large_image","twitter_misc":{"Arvioitu lukuaika":"1 minuutti"},"schema":{"@context":"https:\/\/schema.org","@graph":[{"@type":"WebPage","@id":"https:\/\/kauppa.kalevamedia.fi\/index.php\/tuote\/kaleva-media-ron-huippupaketti-200-000-nayttoa\/","url":"https:\/\/kauppa.kalevamedia.fi\/index.php\/tuote\/kaleva-media-ron-huippupaketti-200-000-nayttoa\/","name":"Kaleva Media RON - Huippupaketti - 200 000 n\u00e4ytt\u00f6\u00e4 - Kaleva Media Verkkokauppa","isPartOf":{"@id":"https:\/\/kauppa.kalevamedia.fi\/#website"},"primaryImageOfPage":{"@id":"https:\/\/kauppa.kalevamedia.fi\/index.php\/tuote\/kaleva-media-ron-huippupaketti-200-000-nayttoa\/#primaryimage"},"image":{"@id":"https:\/\/kauppa.kalevamedia.fi\/index.php\/tuote\/kaleva-media-ron-huippupaketti-200-000-nayttoa\/#primaryimage"},"thumbnailUrl":"https:\/\/kauppa.kalevamedia.fi\/wp-content\/uploads\/2023\/11\/Huippupaketti-63-416x416-1.png","datePublished":"2023-11-21T11:00:32+00:00","dateModified":"2026-02-12T22:19:30+00:00","breadcrumb":{"@id":"https:\/\/kauppa.kalevamedia.fi\/index.php\/tuote\/kaleva-media-ron-huippupaketti-200-000-nayttoa\/#breadcrumb"},"inLanguage":"fi","potentialAction":[{"@type":"ReadAction","target":["https:\/\/kauppa.kalevamedia.fi\/index.php\/tuote\/kaleva-media-ron-huippupaketti-200-000-nayttoa\/"]}]},{"@type":"ImageObject","inLanguage":"fi","@id":"https:\/\/kauppa.kalevamedia.fi\/index.php\/tuote\/kaleva-media-ron-huippupaketti-200-000-nayttoa\/#primaryimage","url":"https:\/\/kauppa.kalevamedia.fi\/wp-content\/uploads\/2023\/11\/Huippupaketti-63-416x416-1.png","contentUrl":"https:\/\/kauppa.kalevamedia.fi\/wp-content\/uploads\/2023\/11\/Huippupaketti-63-416x416-1.png","width":416,"height":416},{"@type":"BreadcrumbList","@id":"https:\/\/kauppa.kalevamedia.fi\/index.php\/tuote\/kaleva-media-ron-huippupaketti-200-000-nayttoa\/#breadcrumb","itemListElement":[{"@type":"ListItem","position":1,"name":"Home","item":"https:\/\/kauppa.kalevamedia.fi\/"},{"@type":"ListItem","position":2,"name":"Kaleva Media RON &#8211; Huippupaketti &#8211; 200 000 n\u00e4ytt\u00f6\u00e4"}]},{"@type":"WebSite","@id":"https:\/\/kauppa.kalevamedia.fi\/#website","url":"https:\/\/kauppa.kalevamedia.fi\/","name":"Kaleva Media Verkkokauppa","description":"Kaleva Media B2B Asiakasratkaisut","publisher":{"@id":"https:\/\/kauppa.kalevamedia.fi\/#organization"},"potentialAction":[{"@type":"SearchAction","target":{"@type":"EntryPoint","urlTemplate":"https:\/\/kauppa.kalevamedia.fi\/?s={search_term_string}"},"query-input":{"@type":"PropertyValueSpecification","valueRequired":true,"valueName":"search_term_string"}}],"inLanguage":"fi"},{"@type":"Organization","@id":"https:\/\/kauppa.kalevamedia.fi\/#organization","name":"Kaleva Media Verkkokauppa","url":"https:\/\/kauppa.kalevamedia.fi\/","logo":{"@type":"ImageObject","inLanguage":"fi","@id":"https:\/\/kauppa.kalevamedia.fi\/#\/schema\/logo\/image\/","url":"https:\/\/kauppa.kalevamedia.fi\/wp-content\/uploads\/2023\/11\/Kalevamedia_logo_pystyposa.png","contentUrl":"https:\/\/kauppa.kalevamedia.fi\/wp-content\/uploads\/2023\/11\/Kalevamedia_logo_pystyposa.png","width":954,"height":690,"caption":"Kaleva Media Verkkokauppa"},"image":{"@id":"https:\/\/kauppa.kalevamedia.fi\/#\/schema\/logo\/image\/"}}]}},"_links":{"self":[{"href":"https:\/\/kauppa.kalevamedia.fi\/index.php\/wp-json\/wp\/v2\/product\/6284","targetHints":{"allow":["GET"]}}],"collection":[{"href":"https:\/\/kauppa.kalevamedia.fi\/index.php\/wp-json\/wp\/v2\/product"}],"about":[{"href":"https:\/\/kauppa.kalevamedia.fi\/index.php\/wp-json\/wp\/v2\/types\/product"}],"wp:featuredmedia":[{"embeddable":true,"href":"https:\/\/kauppa.kalevamedia.fi\/index.php\/wp-json\/wp\/v2\/media\/12696"}],"wp:attachment":[{"href":"https:\/\/kauppa.kalevamedia.fi\/index.php\/wp-json\/wp\/v2\/media?parent=6284"}],"wp:term":[{"taxonomy":"product_brand","embeddable":true,"href":"https:\/\/kauppa.kalevamedia.fi\/index.php\/wp-json\/wp\/v2\/product_brand?post=6284"},{"taxonomy":"product_cat","embeddable":true,"href":"https:\/\/kauppa.kalevamedia.fi\/index.php\/wp-json\/wp\/v2\/product_cat?post=6284"},{"taxonomy":"product_tag","embeddable":true,"href":"https:\/\/kauppa.kalevamedia.fi\/index.php\/wp-json\/wp\/v2\/product_tag?post=6284"}],"curies":[{"name":"wp","href":"https:\/\/api.w.org\/{rel}","templated":true}]}}