{"id":6124,"date":"2022-11-23T16:33:48","date_gmt":"2022-11-23T14:33:48","guid":{"rendered":"https:\/\/kauppa.kalevamedia.fi\/?post_type=product&#038;p=6124"},"modified":"2026-02-12T10:11:15","modified_gmt":"2026-02-12T08:11:15","slug":"natiiviartikkelin-tuplapaketti-lapinkansa-fi-uusi-rovaniemi-koko-sivu","status":"publish","type":"product","link":"https:\/\/kauppa.kalevamedia.fi\/index.php\/tuote\/natiiviartikkelin-tuplapaketti-lapinkansa-fi-uusi-rovaniemi-koko-sivu\/","title":{"rendered":"Natiiviartikkelin tuplapaketti &#8211; Lapinkansa.fi &#038; Uusi Rovaniemi koko sivu"},"content":{"rendered":"","protected":false},"excerpt":{"rendered":"<h4>Natiiviartikkelin tuplapaketti &#8211; juttunosto Lapinkansa.fi:ss\u00e4 sek\u00e4 koko sivu Uudessa Rovaniemess\u00e4.<\/h4>\n<p>Tuo yrityksesi viesti osaksi lukijoidemme uutisp\u00e4iv\u00e4\u00e4 natiiviartikkelilla. Hyv\u00e4ll\u00e4 sis\u00e4ll\u00f6ll\u00e4 saat lukijan pys\u00e4htym\u00e4\u00e4n ja viett\u00e4m\u00e4\u00e4n aikaa yrityksesi viestin parissa. Artikkeli n\u00e4kyy valitsemasi p\u00e4iv\u00e4n lehdess\u00e4 sek\u00e4 5 p\u00e4iv\u00e4\u00e4 Lapinkansa.fi:ss\u00e4 ja 2 p\u00e4iv\u00e4\u00e4 n\u00e4k\u00f6islehdess\u00e4. Kurkkaa esimerkki artikkelista <span style=\"text-decoration: underline;\"><strong><a href=\"https:\/\/www.lapinkansa.fi\/yllaksella-valmistaudutaan-jo-vuoden-mystisimpaan\/2758663\" target=\"_blank\" rel=\"noopener\">t\u00e4\u00e4lt\u00e4!<\/a><\/strong><\/span><\/p>\n<p>Hinta ei sis\u00e4ll\u00e4 sis\u00e4ll\u00f6ntuotantoa tai taittoa. Voit k\u00e4ytt\u00e4\u00e4 yrityksenne omaa, valmista sis\u00e4lt\u00f6\u00e4, tai <span style=\"text-decoration: underline;\"><strong><a href=\"https:\/\/kauppa.kalevamedia.fi\/index.php\/tuote\/sisallontuotanto-artikkeleihin\/\" target=\"_blank\" rel=\"noopener\">hankkia sis\u00e4ll\u00f6ntuotannon meilt\u00e4<\/a>.<\/strong><\/span><\/p>\n<p>Kampanjaetu koskee vain uusia varauksia. Ilmoitukset tulee k\u00e4ytt\u00e4\u00e4 <strong>16.2.\u201330.4.2026<\/strong><strong>\u00a0<\/strong>v\u00e4lisen\u00e4 aikana.\u00a0Natiiviartikkelissa k\u00e4ytett\u00e4v\u00e4t linkitykset ovat muotoa nofollow.<\/p>\n<p>Hintaan lis\u00e4t\u00e4\u00e4n alv. Sitovat varaukset tehd\u00e4\u00e4n kerralla ja niit\u00e4 ei voi siirt\u00e4\u00e4 kampanja-ajalta toiselle. Voit tutustua tarkempiin tilaus- ja myyntiehtoihin halutessasi <a href=\"https:\/\/kauppa.kalevamedia.fi\/index.php\/myyntiehdot\/\" target=\"_blank\" rel=\"noopener\"><strong>t\u00e4\u00e4lt\u00e4.<\/strong><\/a><\/p>\n","protected":false},"featured_media":10912,"template":"","meta":[],"product_brand":[],"product_cat":[84],"product_tag":[],"class_list":{"0":"post-6124","1":"product","2":"type-product","3":"status-publish","4":"has-post-thumbnail","6":"product_cat-uusi-rovaniemi","8":"first","9":"instock","10":"sale","11":"shipping-taxable","12":"purchasable","13":"product-type-simple"},"exclude_global_add_ons":[],"addons":[],"yoast_head":"<!-- This site is optimized with the Yoast SEO plugin v27.4 - https:\/\/yoast.com\/product\/yoast-seo-wordpress\/ -->\n<title>Natiiviartikkelin tuplapaketti - Lapinkansa.fi &amp; Uusi Rovaniemi koko sivu - Kaleva Media Verkkokauppa<\/title>\n<meta name=\"robots\" content=\"index, follow, max-snippet:-1, max-image-preview:large, max-video-preview:-1\" \/>\n<link rel=\"canonical\" href=\"https:\/\/kauppa.kalevamedia.fi\/index.php\/tuote\/natiiviartikkelin-tuplapaketti-lapinkansa-fi-uusi-rovaniemi-koko-sivu\/\" \/>\n<meta property=\"og:locale\" content=\"fi_FI\" \/>\n<meta property=\"og:type\" content=\"article\" \/>\n<meta property=\"og:title\" content=\"Natiiviartikkelin tuplapaketti - Lapinkansa.fi &amp; Uusi Rovaniemi koko sivu - Kaleva Media Verkkokauppa\" \/>\n<meta property=\"og:description\" content=\"Natiiviartikkelin tuplapaketti - juttunosto Lapinkansa.fi:ss\u00e4 sek\u00e4 koko sivu Uudessa Rovaniemess\u00e4. Tuo yrityksesi viesti osaksi lukijoidemme uutisp\u00e4iv\u00e4\u00e4 natiiviartikkelilla. Hyv\u00e4ll\u00e4 sis\u00e4ll\u00f6ll\u00e4 saat lukijan pys\u00e4htym\u00e4\u00e4n ja viett\u00e4m\u00e4\u00e4n aikaa yrityksesi viestin parissa. Artikkeli n\u00e4kyy valitsemasi p\u00e4iv\u00e4n lehdess\u00e4 sek\u00e4 5 p\u00e4iv\u00e4\u00e4 Lapinkansa.fi:ss\u00e4 ja 2 p\u00e4iv\u00e4\u00e4 n\u00e4k\u00f6islehdess\u00e4. Kurkkaa esimerkki artikkelista t\u00e4\u00e4lt\u00e4!  Hinta ei sis\u00e4ll\u00e4 sis\u00e4ll\u00f6ntuotantoa tai taittoa. Voit k\u00e4ytt\u00e4\u00e4 yrityksenne omaa, valmista sis\u00e4lt\u00f6\u00e4, tai hankkia sis\u00e4ll\u00f6ntuotannon meilt\u00e4.  Kampanjaetu koskee vain uusia varauksia. Ilmoitukset tulee k\u00e4ytt\u00e4\u00e4 16.2.\u201330.4.2026\u00a0v\u00e4lisen\u00e4 aikana.\u00a0Natiiviartikkelissa k\u00e4ytett\u00e4v\u00e4t linkitykset ovat muotoa nofollow.  Hintaan lis\u00e4t\u00e4\u00e4n alv. Sitovat varaukset tehd\u00e4\u00e4n kerralla ja niit\u00e4 ei voi siirt\u00e4\u00e4 kampanja-ajalta toiselle. Voit tutustua tarkempiin tilaus- ja myyntiehtoihin halutessasi t\u00e4\u00e4lt\u00e4.\" \/>\n<meta property=\"og:url\" content=\"https:\/\/kauppa.kalevamedia.fi\/index.php\/tuote\/natiiviartikkelin-tuplapaketti-lapinkansa-fi-uusi-rovaniemi-koko-sivu\/\" \/>\n<meta property=\"og:site_name\" content=\"Kaleva Media Verkkokauppa\" \/>\n<meta property=\"article:modified_time\" content=\"2026-02-12T08:11:15+00:00\" \/>\n<meta property=\"og:image\" content=\"https:\/\/kauppa.kalevamedia.fi\/wp-content\/uploads\/2021\/11\/Sima-kokosivu-digi-70.png\" \/>\n\t<meta property=\"og:image:width\" content=\"600\" \/>\n\t<meta property=\"og:image:height\" content=\"600\" \/>\n\t<meta property=\"og:image:type\" content=\"image\/png\" \/>\n<meta name=\"twitter:card\" content=\"summary_large_image\" \/>\n<meta name=\"twitter:label1\" content=\"Arvioitu lukuaika\" \/>\n\t<meta name=\"twitter:data1\" content=\"1 minuutti\" \/>\n<script type=\"application\/ld+json\" class=\"yoast-schema-graph\">{\"@context\":\"https:\\\/\\\/schema.org\",\"@graph\":[{\"@type\":\"WebPage\",\"@id\":\"https:\\\/\\\/kauppa.kalevamedia.fi\\\/index.php\\\/tuote\\\/natiiviartikkelin-tuplapaketti-lapinkansa-fi-uusi-rovaniemi-koko-sivu\\\/\",\"url\":\"https:\\\/\\\/kauppa.kalevamedia.fi\\\/index.php\\\/tuote\\\/natiiviartikkelin-tuplapaketti-lapinkansa-fi-uusi-rovaniemi-koko-sivu\\\/\",\"name\":\"Natiiviartikkelin tuplapaketti - Lapinkansa.fi & Uusi Rovaniemi koko sivu - Kaleva Media Verkkokauppa\",\"isPartOf\":{\"@id\":\"https:\\\/\\\/kauppa.kalevamedia.fi\\\/#website\"},\"primaryImageOfPage\":{\"@id\":\"https:\\\/\\\/kauppa.kalevamedia.fi\\\/index.php\\\/tuote\\\/natiiviartikkelin-tuplapaketti-lapinkansa-fi-uusi-rovaniemi-koko-sivu\\\/#primaryimage\"},\"image\":{\"@id\":\"https:\\\/\\\/kauppa.kalevamedia.fi\\\/index.php\\\/tuote\\\/natiiviartikkelin-tuplapaketti-lapinkansa-fi-uusi-rovaniemi-koko-sivu\\\/#primaryimage\"},\"thumbnailUrl\":\"https:\\\/\\\/kauppa.kalevamedia.fi\\\/wp-content\\\/uploads\\\/2021\\\/11\\\/Sima-kokosivu-digi-70.png\",\"datePublished\":\"2022-11-23T14:33:48+00:00\",\"dateModified\":\"2026-02-12T08:11:15+00:00\",\"breadcrumb\":{\"@id\":\"https:\\\/\\\/kauppa.kalevamedia.fi\\\/index.php\\\/tuote\\\/natiiviartikkelin-tuplapaketti-lapinkansa-fi-uusi-rovaniemi-koko-sivu\\\/#breadcrumb\"},\"inLanguage\":\"fi\",\"potentialAction\":[{\"@type\":\"ReadAction\",\"target\":[\"https:\\\/\\\/kauppa.kalevamedia.fi\\\/index.php\\\/tuote\\\/natiiviartikkelin-tuplapaketti-lapinkansa-fi-uusi-rovaniemi-koko-sivu\\\/\"]}]},{\"@type\":\"ImageObject\",\"inLanguage\":\"fi\",\"@id\":\"https:\\\/\\\/kauppa.kalevamedia.fi\\\/index.php\\\/tuote\\\/natiiviartikkelin-tuplapaketti-lapinkansa-fi-uusi-rovaniemi-koko-sivu\\\/#primaryimage\",\"url\":\"https:\\\/\\\/kauppa.kalevamedia.fi\\\/wp-content\\\/uploads\\\/2021\\\/11\\\/Sima-kokosivu-digi-70.png\",\"contentUrl\":\"https:\\\/\\\/kauppa.kalevamedia.fi\\\/wp-content\\\/uploads\\\/2021\\\/11\\\/Sima-kokosivu-digi-70.png\",\"width\":600,\"height\":600},{\"@type\":\"BreadcrumbList\",\"@id\":\"https:\\\/\\\/kauppa.kalevamedia.fi\\\/index.php\\\/tuote\\\/natiiviartikkelin-tuplapaketti-lapinkansa-fi-uusi-rovaniemi-koko-sivu\\\/#breadcrumb\",\"itemListElement\":[{\"@type\":\"ListItem\",\"position\":1,\"name\":\"Home\",\"item\":\"https:\\\/\\\/kauppa.kalevamedia.fi\\\/\"},{\"@type\":\"ListItem\",\"position\":2,\"name\":\"Natiiviartikkelin tuplapaketti &#8211; Lapinkansa.fi &#038; Uusi Rovaniemi koko sivu\"}]},{\"@type\":\"WebSite\",\"@id\":\"https:\\\/\\\/kauppa.kalevamedia.fi\\\/#website\",\"url\":\"https:\\\/\\\/kauppa.kalevamedia.fi\\\/\",\"name\":\"Kaleva Media Verkkokauppa\",\"description\":\"Kaleva Media B2B Asiakasratkaisut\",\"publisher\":{\"@id\":\"https:\\\/\\\/kauppa.kalevamedia.fi\\\/#organization\"},\"potentialAction\":[{\"@type\":\"SearchAction\",\"target\":{\"@type\":\"EntryPoint\",\"urlTemplate\":\"https:\\\/\\\/kauppa.kalevamedia.fi\\\/?s={search_term_string}\"},\"query-input\":{\"@type\":\"PropertyValueSpecification\",\"valueRequired\":true,\"valueName\":\"search_term_string\"}}],\"inLanguage\":\"fi\"},{\"@type\":\"Organization\",\"@id\":\"https:\\\/\\\/kauppa.kalevamedia.fi\\\/#organization\",\"name\":\"Kaleva Media Verkkokauppa\",\"url\":\"https:\\\/\\\/kauppa.kalevamedia.fi\\\/\",\"logo\":{\"@type\":\"ImageObject\",\"inLanguage\":\"fi\",\"@id\":\"https:\\\/\\\/kauppa.kalevamedia.fi\\\/#\\\/schema\\\/logo\\\/image\\\/\",\"url\":\"https:\\\/\\\/kauppa.kalevamedia.fi\\\/wp-content\\\/uploads\\\/2023\\\/11\\\/Kalevamedia_logo_pystyposa.png\",\"contentUrl\":\"https:\\\/\\\/kauppa.kalevamedia.fi\\\/wp-content\\\/uploads\\\/2023\\\/11\\\/Kalevamedia_logo_pystyposa.png\",\"width\":954,\"height\":690,\"caption\":\"Kaleva Media Verkkokauppa\"},\"image\":{\"@id\":\"https:\\\/\\\/kauppa.kalevamedia.fi\\\/#\\\/schema\\\/logo\\\/image\\\/\"}}]}<\/script>\n<!-- \/ Yoast SEO plugin. -->","yoast_head_json":{"title":"Natiiviartikkelin tuplapaketti - Lapinkansa.fi & Uusi Rovaniemi koko sivu - Kaleva Media Verkkokauppa","robots":{"index":"index","follow":"follow","max-snippet":"max-snippet:-1","max-image-preview":"max-image-preview:large","max-video-preview":"max-video-preview:-1"},"canonical":"https:\/\/kauppa.kalevamedia.fi\/index.php\/tuote\/natiiviartikkelin-tuplapaketti-lapinkansa-fi-uusi-rovaniemi-koko-sivu\/","og_locale":"fi_FI","og_type":"article","og_title":"Natiiviartikkelin tuplapaketti - Lapinkansa.fi & Uusi Rovaniemi koko sivu - Kaleva Media Verkkokauppa","og_description":"Natiiviartikkelin tuplapaketti - juttunosto Lapinkansa.fi:ss\u00e4 sek\u00e4 koko sivu Uudessa Rovaniemess\u00e4. Tuo yrityksesi viesti osaksi lukijoidemme uutisp\u00e4iv\u00e4\u00e4 natiiviartikkelilla. Hyv\u00e4ll\u00e4 sis\u00e4ll\u00f6ll\u00e4 saat lukijan pys\u00e4htym\u00e4\u00e4n ja viett\u00e4m\u00e4\u00e4n aikaa yrityksesi viestin parissa. Artikkeli n\u00e4kyy valitsemasi p\u00e4iv\u00e4n lehdess\u00e4 sek\u00e4 5 p\u00e4iv\u00e4\u00e4 Lapinkansa.fi:ss\u00e4 ja 2 p\u00e4iv\u00e4\u00e4 n\u00e4k\u00f6islehdess\u00e4. Kurkkaa esimerkki artikkelista t\u00e4\u00e4lt\u00e4!  Hinta ei sis\u00e4ll\u00e4 sis\u00e4ll\u00f6ntuotantoa tai taittoa. Voit k\u00e4ytt\u00e4\u00e4 yrityksenne omaa, valmista sis\u00e4lt\u00f6\u00e4, tai hankkia sis\u00e4ll\u00f6ntuotannon meilt\u00e4.  Kampanjaetu koskee vain uusia varauksia. Ilmoitukset tulee k\u00e4ytt\u00e4\u00e4 16.2.\u201330.4.2026\u00a0v\u00e4lisen\u00e4 aikana.\u00a0Natiiviartikkelissa k\u00e4ytett\u00e4v\u00e4t linkitykset ovat muotoa nofollow.  Hintaan lis\u00e4t\u00e4\u00e4n alv. Sitovat varaukset tehd\u00e4\u00e4n kerralla ja niit\u00e4 ei voi siirt\u00e4\u00e4 kampanja-ajalta toiselle. Voit tutustua tarkempiin tilaus- ja myyntiehtoihin halutessasi t\u00e4\u00e4lt\u00e4.","og_url":"https:\/\/kauppa.kalevamedia.fi\/index.php\/tuote\/natiiviartikkelin-tuplapaketti-lapinkansa-fi-uusi-rovaniemi-koko-sivu\/","og_site_name":"Kaleva Media Verkkokauppa","article_modified_time":"2026-02-12T08:11:15+00:00","og_image":[{"width":600,"height":600,"url":"https:\/\/kauppa.kalevamedia.fi\/wp-content\/uploads\/2021\/11\/Sima-kokosivu-digi-70.png","type":"image\/png"}],"twitter_card":"summary_large_image","twitter_misc":{"Arvioitu lukuaika":"1 minuutti"},"schema":{"@context":"https:\/\/schema.org","@graph":[{"@type":"WebPage","@id":"https:\/\/kauppa.kalevamedia.fi\/index.php\/tuote\/natiiviartikkelin-tuplapaketti-lapinkansa-fi-uusi-rovaniemi-koko-sivu\/","url":"https:\/\/kauppa.kalevamedia.fi\/index.php\/tuote\/natiiviartikkelin-tuplapaketti-lapinkansa-fi-uusi-rovaniemi-koko-sivu\/","name":"Natiiviartikkelin tuplapaketti - Lapinkansa.fi & Uusi Rovaniemi koko sivu - Kaleva Media Verkkokauppa","isPartOf":{"@id":"https:\/\/kauppa.kalevamedia.fi\/#website"},"primaryImageOfPage":{"@id":"https:\/\/kauppa.kalevamedia.fi\/index.php\/tuote\/natiiviartikkelin-tuplapaketti-lapinkansa-fi-uusi-rovaniemi-koko-sivu\/#primaryimage"},"image":{"@id":"https:\/\/kauppa.kalevamedia.fi\/index.php\/tuote\/natiiviartikkelin-tuplapaketti-lapinkansa-fi-uusi-rovaniemi-koko-sivu\/#primaryimage"},"thumbnailUrl":"https:\/\/kauppa.kalevamedia.fi\/wp-content\/uploads\/2021\/11\/Sima-kokosivu-digi-70.png","datePublished":"2022-11-23T14:33:48+00:00","dateModified":"2026-02-12T08:11:15+00:00","breadcrumb":{"@id":"https:\/\/kauppa.kalevamedia.fi\/index.php\/tuote\/natiiviartikkelin-tuplapaketti-lapinkansa-fi-uusi-rovaniemi-koko-sivu\/#breadcrumb"},"inLanguage":"fi","potentialAction":[{"@type":"ReadAction","target":["https:\/\/kauppa.kalevamedia.fi\/index.php\/tuote\/natiiviartikkelin-tuplapaketti-lapinkansa-fi-uusi-rovaniemi-koko-sivu\/"]}]},{"@type":"ImageObject","inLanguage":"fi","@id":"https:\/\/kauppa.kalevamedia.fi\/index.php\/tuote\/natiiviartikkelin-tuplapaketti-lapinkansa-fi-uusi-rovaniemi-koko-sivu\/#primaryimage","url":"https:\/\/kauppa.kalevamedia.fi\/wp-content\/uploads\/2021\/11\/Sima-kokosivu-digi-70.png","contentUrl":"https:\/\/kauppa.kalevamedia.fi\/wp-content\/uploads\/2021\/11\/Sima-kokosivu-digi-70.png","width":600,"height":600},{"@type":"BreadcrumbList","@id":"https:\/\/kauppa.kalevamedia.fi\/index.php\/tuote\/natiiviartikkelin-tuplapaketti-lapinkansa-fi-uusi-rovaniemi-koko-sivu\/#breadcrumb","itemListElement":[{"@type":"ListItem","position":1,"name":"Home","item":"https:\/\/kauppa.kalevamedia.fi\/"},{"@type":"ListItem","position":2,"name":"Natiiviartikkelin tuplapaketti &#8211; Lapinkansa.fi &#038; Uusi Rovaniemi koko sivu"}]},{"@type":"WebSite","@id":"https:\/\/kauppa.kalevamedia.fi\/#website","url":"https:\/\/kauppa.kalevamedia.fi\/","name":"Kaleva Media Verkkokauppa","description":"Kaleva Media B2B Asiakasratkaisut","publisher":{"@id":"https:\/\/kauppa.kalevamedia.fi\/#organization"},"potentialAction":[{"@type":"SearchAction","target":{"@type":"EntryPoint","urlTemplate":"https:\/\/kauppa.kalevamedia.fi\/?s={search_term_string}"},"query-input":{"@type":"PropertyValueSpecification","valueRequired":true,"valueName":"search_term_string"}}],"inLanguage":"fi"},{"@type":"Organization","@id":"https:\/\/kauppa.kalevamedia.fi\/#organization","name":"Kaleva Media Verkkokauppa","url":"https:\/\/kauppa.kalevamedia.fi\/","logo":{"@type":"ImageObject","inLanguage":"fi","@id":"https:\/\/kauppa.kalevamedia.fi\/#\/schema\/logo\/image\/","url":"https:\/\/kauppa.kalevamedia.fi\/wp-content\/uploads\/2023\/11\/Kalevamedia_logo_pystyposa.png","contentUrl":"https:\/\/kauppa.kalevamedia.fi\/wp-content\/uploads\/2023\/11\/Kalevamedia_logo_pystyposa.png","width":954,"height":690,"caption":"Kaleva Media Verkkokauppa"},"image":{"@id":"https:\/\/kauppa.kalevamedia.fi\/#\/schema\/logo\/image\/"}}]}},"_links":{"self":[{"href":"https:\/\/kauppa.kalevamedia.fi\/index.php\/wp-json\/wp\/v2\/product\/6124","targetHints":{"allow":["GET"]}}],"collection":[{"href":"https:\/\/kauppa.kalevamedia.fi\/index.php\/wp-json\/wp\/v2\/product"}],"about":[{"href":"https:\/\/kauppa.kalevamedia.fi\/index.php\/wp-json\/wp\/v2\/types\/product"}],"wp:featuredmedia":[{"embeddable":true,"href":"https:\/\/kauppa.kalevamedia.fi\/index.php\/wp-json\/wp\/v2\/media\/10912"}],"wp:attachment":[{"href":"https:\/\/kauppa.kalevamedia.fi\/index.php\/wp-json\/wp\/v2\/media?parent=6124"}],"wp:term":[{"taxonomy":"product_brand","embeddable":true,"href":"https:\/\/kauppa.kalevamedia.fi\/index.php\/wp-json\/wp\/v2\/product_brand?post=6124"},{"taxonomy":"product_cat","embeddable":true,"href":"https:\/\/kauppa.kalevamedia.fi\/index.php\/wp-json\/wp\/v2\/product_cat?post=6124"},{"taxonomy":"product_tag","embeddable":true,"href":"https:\/\/kauppa.kalevamedia.fi\/index.php\/wp-json\/wp\/v2\/product_tag?post=6124"}],"curies":[{"name":"wp","href":"https:\/\/api.w.org\/{rel}","templated":true}]}}