{"id":11530,"date":"2023-02-02T10:47:35","date_gmt":"2023-02-02T08:47:35","guid":{"rendered":"https:\/\/kauppa.kalevamedia.fi\/?post_type=product&#038;p=11530"},"modified":"2026-02-13T14:34:23","modified_gmt":"2026-02-13T12:34:23","slug":"story-natiivi-kaleva-fi","status":"publish","type":"product","link":"https:\/\/kauppa.kalevamedia.fi\/index.php\/tuote\/story-natiivi-kaleva-fi\/","title":{"rendered":"Story-natiivi Kaleva.fi"},"content":{"rendered":"","protected":false},"excerpt":{"rendered":"<p>Valjasta uutismedioiden massatavoittavuus videosis\u00e4ll\u00f6lle! Sis\u00e4lt\u00f6 toteutetaan somesta tutulla story-muodolla: useat videoklipit sidotaan yhdeksi visuaaliseksi ja helposti sis\u00e4istett\u00e4v\u00e4ksi tarinaksi. N\u00e4kyvyys uutismediassa sama, kuin kirjoitetulla natiiviartikkelilla. Hyv\u00e4ll\u00e4 sis\u00e4ll\u00f6ll\u00e4 saat katselijan pys\u00e4htym\u00e4\u00e4n ja viett\u00e4m\u00e4\u00e4n aikaa yrityksesi viestin parissa. Story-natiivi n\u00e4kyy 5 vrk Kaleva.fi:ss\u00e4. Kurkkaa esimerkki Storysta <strong><a href=\"https:\/\/www.kaleva.fi\/tarinat\/oulun-kaupunki-kayttaa-tana-vuonna-240-000-euroa-o\/7399124\" target=\"_blank\" rel=\"noopener\">t\u00e4\u00e4lt\u00e4!<\/a><\/strong><\/p>\n<p>Hinta ei sis\u00e4ll\u00e4 sis\u00e4ll\u00f6ntuotantoa. Voit k\u00e4ytt\u00e4\u00e4 yrityksenne omaa, valmista sis\u00e4lt\u00f6\u00e4, tai <span style=\"text-decoration: underline;\"><strong><a href=\"https:\/\/kauppa.kalevamedia.fi\/index.php\/tuote\/sisallontuotanto-story-natiiveihin\/\" target=\"_blank\" rel=\"noopener\">hankkia sis\u00e4ll\u00f6ntuotannon meilt\u00e4<\/a><\/strong><\/span><span style=\"text-decoration: underline;\"><strong>.<\/strong><\/span> N\u00e4kyvyys tulee k\u00e4ytt\u00e4\u00e4 <strong>16.2.\u201331.4.2026<\/strong>\u00a0v\u00e4lisen\u00e4 aikana.<\/p>\n<hr \/>\n<p>Kampanjaetu koskee vain uusia varauksia. Sitovat varaukset tehd\u00e4\u00e4n kerralla ja niit\u00e4 ei voi siirt\u00e4\u00e4 kampanja-ajalta toiselle. Hintaan lis\u00e4t\u00e4\u00e4n alv. Voit tutustua tarkempiin tilaus- ja myyntiehtoihin halutessasi <span style=\"text-decoration: underline;\"><a href=\"https:\/\/kauppa.kalevamedia.fi\/index.php\/myyntiehdot\/\" target=\"_blank\" rel=\"noopener\"><strong>t\u00e4\u00e4lt\u00e4.<\/strong><\/a><\/span><\/p>\n","protected":false},"featured_media":11531,"template":"","meta":[],"product_brand":[],"product_cat":[68,71],"product_tag":[],"class_list":{"0":"post-11530","1":"product","2":"type-product","3":"status-publish","4":"has-post-thumbnail","6":"product_cat-kaleva","7":"product_cat-kaleva-sisaltomarkkinointi","9":"first","10":"instock","11":"sale","12":"shipping-taxable","13":"purchasable","14":"product-type-simple"},"exclude_global_add_ons":[],"addons":[],"yoast_head":"<!-- This site is optimized with the Yoast SEO plugin v27.5 - https:\/\/yoast.com\/product\/yoast-seo-wordpress\/ -->\n<title>Story-natiivi Kaleva.fi - Kaleva Media Verkkokauppa<\/title>\n<meta name=\"robots\" content=\"index, follow, max-snippet:-1, max-image-preview:large, max-video-preview:-1\" \/>\n<link rel=\"canonical\" href=\"https:\/\/kauppa.kalevamedia.fi\/index.php\/tuote\/story-natiivi-kaleva-fi\/\" \/>\n<meta property=\"og:locale\" content=\"fi_FI\" \/>\n<meta property=\"og:type\" content=\"article\" \/>\n<meta property=\"og:title\" content=\"Story-natiivi Kaleva.fi - Kaleva Media Verkkokauppa\" \/>\n<meta property=\"og:description\" content=\"Valjasta uutismedioiden massatavoittavuus videosis\u00e4ll\u00f6lle! Sis\u00e4lt\u00f6 toteutetaan somesta tutulla story-muodolla: useat videoklipit sidotaan yhdeksi visuaaliseksi ja helposti sis\u00e4istett\u00e4v\u00e4ksi tarinaksi. N\u00e4kyvyys uutismediassa sama, kuin kirjoitetulla natiiviartikkelilla. Hyv\u00e4ll\u00e4 sis\u00e4ll\u00f6ll\u00e4 saat katselijan pys\u00e4htym\u00e4\u00e4n ja viett\u00e4m\u00e4\u00e4n aikaa yrityksesi viestin parissa. Story-natiivi n\u00e4kyy 5 vrk Kaleva.fi:ss\u00e4. Kurkkaa esimerkki Storysta t\u00e4\u00e4lt\u00e4!  Hinta ei sis\u00e4ll\u00e4 sis\u00e4ll\u00f6ntuotantoa. Voit k\u00e4ytt\u00e4\u00e4 yrityksenne omaa, valmista sis\u00e4lt\u00f6\u00e4, tai hankkia sis\u00e4ll\u00f6ntuotannon meilt\u00e4. N\u00e4kyvyys tulee k\u00e4ytt\u00e4\u00e4 16.2.\u201331.4.2026\u00a0v\u00e4lisen\u00e4 aikana.    Kampanjaetu koskee vain uusia varauksia. Sitovat varaukset tehd\u00e4\u00e4n kerralla ja niit\u00e4 ei voi siirt\u00e4\u00e4 kampanja-ajalta toiselle. Hintaan lis\u00e4t\u00e4\u00e4n alv. Voit tutustua tarkempiin tilaus- ja myyntiehtoihin halutessasi t\u00e4\u00e4lt\u00e4.\" \/>\n<meta property=\"og:url\" content=\"https:\/\/kauppa.kalevamedia.fi\/index.php\/tuote\/story-natiivi-kaleva-fi\/\" \/>\n<meta property=\"og:site_name\" content=\"Kaleva Media Verkkokauppa\" \/>\n<meta property=\"article:modified_time\" content=\"2026-02-13T12:34:23+00:00\" \/>\n<meta property=\"og:image\" content=\"https:\/\/kauppa.kalevamedia.fi\/wp-content\/uploads\/2023\/02\/Storynatiivi-50.png\" \/>\n\t<meta property=\"og:image:width\" content=\"600\" \/>\n\t<meta property=\"og:image:height\" content=\"600\" \/>\n\t<meta property=\"og:image:type\" content=\"image\/png\" \/>\n<meta name=\"twitter:card\" content=\"summary_large_image\" \/>\n<meta name=\"twitter:label1\" content=\"Arvioitu lukuaika\" \/>\n\t<meta name=\"twitter:data1\" content=\"1 minuutti\" \/>\n<script type=\"application\/ld+json\" class=\"yoast-schema-graph\">{\"@context\":\"https:\\\/\\\/schema.org\",\"@graph\":[{\"@type\":\"WebPage\",\"@id\":\"https:\\\/\\\/kauppa.kalevamedia.fi\\\/index.php\\\/tuote\\\/story-natiivi-kaleva-fi\\\/\",\"url\":\"https:\\\/\\\/kauppa.kalevamedia.fi\\\/index.php\\\/tuote\\\/story-natiivi-kaleva-fi\\\/\",\"name\":\"Story-natiivi Kaleva.fi - Kaleva Media Verkkokauppa\",\"isPartOf\":{\"@id\":\"https:\\\/\\\/kauppa.kalevamedia.fi\\\/#website\"},\"primaryImageOfPage\":{\"@id\":\"https:\\\/\\\/kauppa.kalevamedia.fi\\\/index.php\\\/tuote\\\/story-natiivi-kaleva-fi\\\/#primaryimage\"},\"image\":{\"@id\":\"https:\\\/\\\/kauppa.kalevamedia.fi\\\/index.php\\\/tuote\\\/story-natiivi-kaleva-fi\\\/#primaryimage\"},\"thumbnailUrl\":\"https:\\\/\\\/kauppa.kalevamedia.fi\\\/wp-content\\\/uploads\\\/2023\\\/02\\\/Storynatiivi-50.png\",\"datePublished\":\"2023-02-02T08:47:35+00:00\",\"dateModified\":\"2026-02-13T12:34:23+00:00\",\"breadcrumb\":{\"@id\":\"https:\\\/\\\/kauppa.kalevamedia.fi\\\/index.php\\\/tuote\\\/story-natiivi-kaleva-fi\\\/#breadcrumb\"},\"inLanguage\":\"fi\",\"potentialAction\":[{\"@type\":\"ReadAction\",\"target\":[\"https:\\\/\\\/kauppa.kalevamedia.fi\\\/index.php\\\/tuote\\\/story-natiivi-kaleva-fi\\\/\"]}]},{\"@type\":\"ImageObject\",\"inLanguage\":\"fi\",\"@id\":\"https:\\\/\\\/kauppa.kalevamedia.fi\\\/index.php\\\/tuote\\\/story-natiivi-kaleva-fi\\\/#primaryimage\",\"url\":\"https:\\\/\\\/kauppa.kalevamedia.fi\\\/wp-content\\\/uploads\\\/2023\\\/02\\\/Storynatiivi-50.png\",\"contentUrl\":\"https:\\\/\\\/kauppa.kalevamedia.fi\\\/wp-content\\\/uploads\\\/2023\\\/02\\\/Storynatiivi-50.png\",\"width\":600,\"height\":600},{\"@type\":\"BreadcrumbList\",\"@id\":\"https:\\\/\\\/kauppa.kalevamedia.fi\\\/index.php\\\/tuote\\\/story-natiivi-kaleva-fi\\\/#breadcrumb\",\"itemListElement\":[{\"@type\":\"ListItem\",\"position\":1,\"name\":\"Home\",\"item\":\"https:\\\/\\\/kauppa.kalevamedia.fi\\\/\"},{\"@type\":\"ListItem\",\"position\":2,\"name\":\"Story-natiivi Kaleva.fi\"}]},{\"@type\":\"WebSite\",\"@id\":\"https:\\\/\\\/kauppa.kalevamedia.fi\\\/#website\",\"url\":\"https:\\\/\\\/kauppa.kalevamedia.fi\\\/\",\"name\":\"Kaleva Media Verkkokauppa\",\"description\":\"Kaleva Media B2B Asiakasratkaisut\",\"publisher\":{\"@id\":\"https:\\\/\\\/kauppa.kalevamedia.fi\\\/#organization\"},\"potentialAction\":[{\"@type\":\"SearchAction\",\"target\":{\"@type\":\"EntryPoint\",\"urlTemplate\":\"https:\\\/\\\/kauppa.kalevamedia.fi\\\/?s={search_term_string}\"},\"query-input\":{\"@type\":\"PropertyValueSpecification\",\"valueRequired\":true,\"valueName\":\"search_term_string\"}}],\"inLanguage\":\"fi\"},{\"@type\":\"Organization\",\"@id\":\"https:\\\/\\\/kauppa.kalevamedia.fi\\\/#organization\",\"name\":\"Kaleva Media Verkkokauppa\",\"url\":\"https:\\\/\\\/kauppa.kalevamedia.fi\\\/\",\"logo\":{\"@type\":\"ImageObject\",\"inLanguage\":\"fi\",\"@id\":\"https:\\\/\\\/kauppa.kalevamedia.fi\\\/#\\\/schema\\\/logo\\\/image\\\/\",\"url\":\"https:\\\/\\\/kauppa.kalevamedia.fi\\\/wp-content\\\/uploads\\\/2023\\\/11\\\/Kalevamedia_logo_pystyposa.png\",\"contentUrl\":\"https:\\\/\\\/kauppa.kalevamedia.fi\\\/wp-content\\\/uploads\\\/2023\\\/11\\\/Kalevamedia_logo_pystyposa.png\",\"width\":954,\"height\":690,\"caption\":\"Kaleva Media Verkkokauppa\"},\"image\":{\"@id\":\"https:\\\/\\\/kauppa.kalevamedia.fi\\\/#\\\/schema\\\/logo\\\/image\\\/\"}}]}<\/script>\n<!-- \/ Yoast SEO plugin. -->","yoast_head_json":{"title":"Story-natiivi Kaleva.fi - Kaleva Media Verkkokauppa","robots":{"index":"index","follow":"follow","max-snippet":"max-snippet:-1","max-image-preview":"max-image-preview:large","max-video-preview":"max-video-preview:-1"},"canonical":"https:\/\/kauppa.kalevamedia.fi\/index.php\/tuote\/story-natiivi-kaleva-fi\/","og_locale":"fi_FI","og_type":"article","og_title":"Story-natiivi Kaleva.fi - Kaleva Media Verkkokauppa","og_description":"Valjasta uutismedioiden massatavoittavuus videosis\u00e4ll\u00f6lle! Sis\u00e4lt\u00f6 toteutetaan somesta tutulla story-muodolla: useat videoklipit sidotaan yhdeksi visuaaliseksi ja helposti sis\u00e4istett\u00e4v\u00e4ksi tarinaksi. N\u00e4kyvyys uutismediassa sama, kuin kirjoitetulla natiiviartikkelilla. Hyv\u00e4ll\u00e4 sis\u00e4ll\u00f6ll\u00e4 saat katselijan pys\u00e4htym\u00e4\u00e4n ja viett\u00e4m\u00e4\u00e4n aikaa yrityksesi viestin parissa. Story-natiivi n\u00e4kyy 5 vrk Kaleva.fi:ss\u00e4. Kurkkaa esimerkki Storysta t\u00e4\u00e4lt\u00e4!  Hinta ei sis\u00e4ll\u00e4 sis\u00e4ll\u00f6ntuotantoa. Voit k\u00e4ytt\u00e4\u00e4 yrityksenne omaa, valmista sis\u00e4lt\u00f6\u00e4, tai hankkia sis\u00e4ll\u00f6ntuotannon meilt\u00e4. N\u00e4kyvyys tulee k\u00e4ytt\u00e4\u00e4 16.2.\u201331.4.2026\u00a0v\u00e4lisen\u00e4 aikana.    Kampanjaetu koskee vain uusia varauksia. Sitovat varaukset tehd\u00e4\u00e4n kerralla ja niit\u00e4 ei voi siirt\u00e4\u00e4 kampanja-ajalta toiselle. Hintaan lis\u00e4t\u00e4\u00e4n alv. Voit tutustua tarkempiin tilaus- ja myyntiehtoihin halutessasi t\u00e4\u00e4lt\u00e4.","og_url":"https:\/\/kauppa.kalevamedia.fi\/index.php\/tuote\/story-natiivi-kaleva-fi\/","og_site_name":"Kaleva Media Verkkokauppa","article_modified_time":"2026-02-13T12:34:23+00:00","og_image":[{"width":600,"height":600,"url":"https:\/\/kauppa.kalevamedia.fi\/wp-content\/uploads\/2023\/02\/Storynatiivi-50.png","type":"image\/png"}],"twitter_card":"summary_large_image","twitter_misc":{"Arvioitu lukuaika":"1 minuutti"},"schema":{"@context":"https:\/\/schema.org","@graph":[{"@type":"WebPage","@id":"https:\/\/kauppa.kalevamedia.fi\/index.php\/tuote\/story-natiivi-kaleva-fi\/","url":"https:\/\/kauppa.kalevamedia.fi\/index.php\/tuote\/story-natiivi-kaleva-fi\/","name":"Story-natiivi Kaleva.fi - Kaleva Media Verkkokauppa","isPartOf":{"@id":"https:\/\/kauppa.kalevamedia.fi\/#website"},"primaryImageOfPage":{"@id":"https:\/\/kauppa.kalevamedia.fi\/index.php\/tuote\/story-natiivi-kaleva-fi\/#primaryimage"},"image":{"@id":"https:\/\/kauppa.kalevamedia.fi\/index.php\/tuote\/story-natiivi-kaleva-fi\/#primaryimage"},"thumbnailUrl":"https:\/\/kauppa.kalevamedia.fi\/wp-content\/uploads\/2023\/02\/Storynatiivi-50.png","datePublished":"2023-02-02T08:47:35+00:00","dateModified":"2026-02-13T12:34:23+00:00","breadcrumb":{"@id":"https:\/\/kauppa.kalevamedia.fi\/index.php\/tuote\/story-natiivi-kaleva-fi\/#breadcrumb"},"inLanguage":"fi","potentialAction":[{"@type":"ReadAction","target":["https:\/\/kauppa.kalevamedia.fi\/index.php\/tuote\/story-natiivi-kaleva-fi\/"]}]},{"@type":"ImageObject","inLanguage":"fi","@id":"https:\/\/kauppa.kalevamedia.fi\/index.php\/tuote\/story-natiivi-kaleva-fi\/#primaryimage","url":"https:\/\/kauppa.kalevamedia.fi\/wp-content\/uploads\/2023\/02\/Storynatiivi-50.png","contentUrl":"https:\/\/kauppa.kalevamedia.fi\/wp-content\/uploads\/2023\/02\/Storynatiivi-50.png","width":600,"height":600},{"@type":"BreadcrumbList","@id":"https:\/\/kauppa.kalevamedia.fi\/index.php\/tuote\/story-natiivi-kaleva-fi\/#breadcrumb","itemListElement":[{"@type":"ListItem","position":1,"name":"Home","item":"https:\/\/kauppa.kalevamedia.fi\/"},{"@type":"ListItem","position":2,"name":"Story-natiivi Kaleva.fi"}]},{"@type":"WebSite","@id":"https:\/\/kauppa.kalevamedia.fi\/#website","url":"https:\/\/kauppa.kalevamedia.fi\/","name":"Kaleva Media Verkkokauppa","description":"Kaleva Media B2B Asiakasratkaisut","publisher":{"@id":"https:\/\/kauppa.kalevamedia.fi\/#organization"},"potentialAction":[{"@type":"SearchAction","target":{"@type":"EntryPoint","urlTemplate":"https:\/\/kauppa.kalevamedia.fi\/?s={search_term_string}"},"query-input":{"@type":"PropertyValueSpecification","valueRequired":true,"valueName":"search_term_string"}}],"inLanguage":"fi"},{"@type":"Organization","@id":"https:\/\/kauppa.kalevamedia.fi\/#organization","name":"Kaleva Media Verkkokauppa","url":"https:\/\/kauppa.kalevamedia.fi\/","logo":{"@type":"ImageObject","inLanguage":"fi","@id":"https:\/\/kauppa.kalevamedia.fi\/#\/schema\/logo\/image\/","url":"https:\/\/kauppa.kalevamedia.fi\/wp-content\/uploads\/2023\/11\/Kalevamedia_logo_pystyposa.png","contentUrl":"https:\/\/kauppa.kalevamedia.fi\/wp-content\/uploads\/2023\/11\/Kalevamedia_logo_pystyposa.png","width":954,"height":690,"caption":"Kaleva Media Verkkokauppa"},"image":{"@id":"https:\/\/kauppa.kalevamedia.fi\/#\/schema\/logo\/image\/"}}]}},"_links":{"self":[{"href":"https:\/\/kauppa.kalevamedia.fi\/index.php\/wp-json\/wp\/v2\/product\/11530","targetHints":{"allow":["GET"]}}],"collection":[{"href":"https:\/\/kauppa.kalevamedia.fi\/index.php\/wp-json\/wp\/v2\/product"}],"about":[{"href":"https:\/\/kauppa.kalevamedia.fi\/index.php\/wp-json\/wp\/v2\/types\/product"}],"wp:featuredmedia":[{"embeddable":true,"href":"https:\/\/kauppa.kalevamedia.fi\/index.php\/wp-json\/wp\/v2\/media\/11531"}],"wp:attachment":[{"href":"https:\/\/kauppa.kalevamedia.fi\/index.php\/wp-json\/wp\/v2\/media?parent=11530"}],"wp:term":[{"taxonomy":"product_brand","embeddable":true,"href":"https:\/\/kauppa.kalevamedia.fi\/index.php\/wp-json\/wp\/v2\/product_brand?post=11530"},{"taxonomy":"product_cat","embeddable":true,"href":"https:\/\/kauppa.kalevamedia.fi\/index.php\/wp-json\/wp\/v2\/product_cat?post=11530"},{"taxonomy":"product_tag","embeddable":true,"href":"https:\/\/kauppa.kalevamedia.fi\/index.php\/wp-json\/wp\/v2\/product_tag?post=11530"}],"curies":[{"name":"wp","href":"https:\/\/api.w.org\/{rel}","templated":true}]}}