{"id":10644,"date":"2023-11-17T13:35:57","date_gmt":"2023-11-17T11:35:57","guid":{"rendered":"https:\/\/kauppa.kalevamedia.fi\/?post_type=product&#038;p=10644"},"modified":"2026-02-13T12:31:31","modified_gmt":"2026-02-13T10:31:31","slug":"radio-super-vuosisopimus-720-toistoa","status":"publish","type":"product","link":"https:\/\/kauppa.kalevamedia.fi\/index.php\/tuote\/radio-super-vuosisopimus-720-toistoa\/","title":{"rendered":"Radio Kaleva &#8211; Super vuosisopimus (720 toistoa)"},"content":{"rendered":"","protected":false},"excerpt":{"rendered":"<p>Ota radioaallot haltuun koko ensi vuodeksi <span style=\"text-decoration: underline;\"><strong><a href=\"https:\/\/www.kalevamedia.fi\/yrityksille\/omat-mediamme\/kaleva-median-julkaisut\/radio-kaleva\/\" target=\"_blank\" rel=\"noopener\">Radio Kalevassa<\/a><\/strong><\/span> t\u00e4ll\u00e4 huikealla yli 60% tarjouksella!<\/p>\n<p>Radio Kaleva l\u00e4hett\u00e4\u00e4 mainontaa klo 7-21 v\u00e4lisen\u00e4 aikana, tunnin aikana on keskim\u00e4\u00e4rin kaksi mainoskatkoa. T\u00e4ll\u00e4 vuosisopimuksella saat radioaallot haltuusi superedullisella 225 \u20ac kuukausihinnalla. Voit my\u00f6s jakaa mainostoistot haluamallasi tavalla vuoden ajalle tai k\u00e4ytt\u00e4\u00e4 kokonaan vaikka kes\u00e4ll\u00e4.<\/p>\n<hr \/>\n<p><strong>Tarjouksen sis\u00e4lt\u00f6:<\/strong><\/p>\n<ul>\n<li>Kampanja-aika, 1 vuosi.<\/li>\n<li>Yhteens\u00e4 720 toistoa<\/li>\n<li>20-30 sekunnin pituinen mainosspotti<\/li>\n<li>Logo radion printtimainokseen kerran kuukaudessa<\/li>\n<li>Logo kumppaneihin radion verkkosivuille 2026<\/li>\n<\/ul>\n<hr \/>\n<p><strong>Kuuluvuusalueen kuntaluettelo<\/strong>:<\/p>\n<p>Oulu, Kempele, Liminka, Lumijoki, Tyrn\u00e4v\u00e4 ja Ii, Raahe, Siikajoki ja Pyh\u00e4joki, Ylivieska, Oulainen, Nivala, Merij\u00e4rvi, Siikalatva, Sievi, K\u00e4rs\u00e4m\u00e4ki, Haapaj\u00e4rvi, Haapavesi ja Alavieska, Pudasj\u00e4rvi, Taivalkoski, Kuusamo ja Posio, Kemi, Simo ja Rovaniemi.<\/p>\n<hr \/>\n<p><strong>Tarjoushintainen kampanja tulee k\u00e4ytt\u00e4\u00e4 vuoden aikana ostop\u00e4iv\u00e4st\u00e4. <\/strong>\u00a0Kampanjaetu koskee vain uusia varauksia. Sitovat varaukset tehd\u00e4\u00e4n kerralla ja niit\u00e4 ei voi siirt\u00e4\u00e4 kampanja-ajalta toiselle. Hinta ei sis\u00e4ll\u00e4 radiomainoksen tuotantoa.\u00a0Voit tarvittaessa\u00a0<strong><a href=\"https:\/\/kauppa.kalevamedia.fi\/index.php\/tuote\/radiomainoksen-tuotanto\/\">hankkia radiomainoksen tuotannon meilt\u00e4<\/a>.\u00a0<\/strong>\u00a0Hintaan lis\u00e4t\u00e4\u00e4n alv. Voit tutustua tarkempiin tilaus- ja myyntiehtoihin halutessasi\u00a0<strong><a href=\"https:\/\/kauppa.kalevamedia.fi\/index.php\/myyntiehdot\/\">t\u00e4\u00e4lt\u00e4<\/a>.<\/strong><\/p>\n","protected":false},"featured_media":15568,"template":"","meta":[],"product_brand":[],"product_cat":[98],"product_tag":[],"class_list":{"0":"post-10644","1":"product","2":"type-product","3":"status-publish","4":"has-post-thumbnail","6":"product_cat-radio-kaleva","8":"first","9":"instock","10":"sale","11":"shipping-taxable","12":"purchasable","13":"product-type-simple"},"exclude_global_add_ons":[],"addons":[],"yoast_head":"<!-- This site is optimized with the Yoast SEO plugin v27.5 - https:\/\/yoast.com\/product\/yoast-seo-wordpress\/ -->\n<title>Radio Kaleva - Super vuosisopimus (720 toistoa) - Kaleva Media Verkkokauppa<\/title>\n<meta name=\"robots\" content=\"index, follow, max-snippet:-1, max-image-preview:large, max-video-preview:-1\" \/>\n<link rel=\"canonical\" href=\"https:\/\/kauppa.kalevamedia.fi\/index.php\/tuote\/radio-super-vuosisopimus-720-toistoa\/\" \/>\n<meta property=\"og:locale\" content=\"fi_FI\" \/>\n<meta property=\"og:type\" content=\"article\" \/>\n<meta property=\"og:title\" content=\"Radio Kaleva - Super vuosisopimus (720 toistoa) - Kaleva Media Verkkokauppa\" \/>\n<meta property=\"og:description\" content=\"Ota radioaallot haltuun koko ensi vuodeksi Radio Kalevassa t\u00e4ll\u00e4 huikealla yli 60% tarjouksella!  Radio Kaleva l\u00e4hett\u00e4\u00e4 mainontaa klo 7-21 v\u00e4lisen\u00e4 aikana, tunnin aikana on keskim\u00e4\u00e4rin kaksi mainoskatkoa. T\u00e4ll\u00e4 vuosisopimuksella saat radioaallot haltuusi superedullisella 225 \u20ac kuukausihinnalla. Voit my\u00f6s jakaa mainostoistot haluamallasi tavalla vuoden ajalle tai k\u00e4ytt\u00e4\u00e4 kokonaan vaikka kes\u00e4ll\u00e4.    Tarjouksen sis\u00e4lt\u00f6:   Kampanja-aika, 1 vuosi.  Yhteens\u00e4 720 toistoa  20-30 sekunnin pituinen mainosspotti  Logo radion printtimainokseen kerran kuukaudessa  Logo kumppaneihin radion verkkosivuille 2026     Kuuluvuusalueen kuntaluettelo:  Oulu, Kempele, Liminka, Lumijoki, Tyrn\u00e4v\u00e4 ja Ii, Raahe, Siikajoki ja Pyh\u00e4joki, Ylivieska, Oulainen, Nivala, Merij\u00e4rvi, Siikalatva, Sievi, K\u00e4rs\u00e4m\u00e4ki, Haapaj\u00e4rvi, Haapavesi ja Alavieska, Pudasj\u00e4rvi, Taivalkoski, Kuusamo ja Posio, Kemi, Simo ja Rovaniemi.    Tarjoushintainen kampanja tulee k\u00e4ytt\u00e4\u00e4 vuoden aikana ostop\u00e4iv\u00e4st\u00e4. \u00a0Kampanjaetu koskee vain uusia varauksia. Sitovat varaukset tehd\u00e4\u00e4n kerralla ja niit\u00e4 ei voi siirt\u00e4\u00e4 kampanja-ajalta toiselle. Hinta ei sis\u00e4ll\u00e4 radiomainoksen tuotantoa.\u00a0Voit tarvittaessa\u00a0hankkia radiomainoksen tuotannon meilt\u00e4.\u00a0\u00a0Hintaan lis\u00e4t\u00e4\u00e4n alv. Voit tutustua tarkempiin tilaus- ja myyntiehtoihin halutessasi\u00a0t\u00e4\u00e4lt\u00e4.\" \/>\n<meta property=\"og:url\" content=\"https:\/\/kauppa.kalevamedia.fi\/index.php\/tuote\/radio-super-vuosisopimus-720-toistoa\/\" \/>\n<meta property=\"og:site_name\" content=\"Kaleva Media Verkkokauppa\" \/>\n<meta property=\"article:modified_time\" content=\"2026-02-13T10:31:31+00:00\" \/>\n<meta property=\"og:image\" content=\"https:\/\/kauppa.kalevamedia.fi\/wp-content\/uploads\/2023\/11\/Radio-vuosi-720-toistoa-2.png\" \/>\n\t<meta property=\"og:image:width\" content=\"600\" \/>\n\t<meta property=\"og:image:height\" content=\"600\" \/>\n\t<meta property=\"og:image:type\" content=\"image\/png\" \/>\n<meta name=\"twitter:card\" content=\"summary_large_image\" \/>\n<meta name=\"twitter:label1\" content=\"Arvioitu lukuaika\" \/>\n\t<meta name=\"twitter:data1\" content=\"1 minuutti\" \/>\n<script type=\"application\/ld+json\" class=\"yoast-schema-graph\">{\"@context\":\"https:\\\/\\\/schema.org\",\"@graph\":[{\"@type\":\"WebPage\",\"@id\":\"https:\\\/\\\/kauppa.kalevamedia.fi\\\/index.php\\\/tuote\\\/radio-super-vuosisopimus-720-toistoa\\\/\",\"url\":\"https:\\\/\\\/kauppa.kalevamedia.fi\\\/index.php\\\/tuote\\\/radio-super-vuosisopimus-720-toistoa\\\/\",\"name\":\"Radio Kaleva - Super vuosisopimus (720 toistoa) - Kaleva Media Verkkokauppa\",\"isPartOf\":{\"@id\":\"https:\\\/\\\/kauppa.kalevamedia.fi\\\/#website\"},\"primaryImageOfPage\":{\"@id\":\"https:\\\/\\\/kauppa.kalevamedia.fi\\\/index.php\\\/tuote\\\/radio-super-vuosisopimus-720-toistoa\\\/#primaryimage\"},\"image\":{\"@id\":\"https:\\\/\\\/kauppa.kalevamedia.fi\\\/index.php\\\/tuote\\\/radio-super-vuosisopimus-720-toistoa\\\/#primaryimage\"},\"thumbnailUrl\":\"https:\\\/\\\/kauppa.kalevamedia.fi\\\/wp-content\\\/uploads\\\/2023\\\/11\\\/Radio-vuosi-720-toistoa-2.png\",\"datePublished\":\"2023-11-17T11:35:57+00:00\",\"dateModified\":\"2026-02-13T10:31:31+00:00\",\"breadcrumb\":{\"@id\":\"https:\\\/\\\/kauppa.kalevamedia.fi\\\/index.php\\\/tuote\\\/radio-super-vuosisopimus-720-toistoa\\\/#breadcrumb\"},\"inLanguage\":\"fi\",\"potentialAction\":[{\"@type\":\"ReadAction\",\"target\":[\"https:\\\/\\\/kauppa.kalevamedia.fi\\\/index.php\\\/tuote\\\/radio-super-vuosisopimus-720-toistoa\\\/\"]}]},{\"@type\":\"ImageObject\",\"inLanguage\":\"fi\",\"@id\":\"https:\\\/\\\/kauppa.kalevamedia.fi\\\/index.php\\\/tuote\\\/radio-super-vuosisopimus-720-toistoa\\\/#primaryimage\",\"url\":\"https:\\\/\\\/kauppa.kalevamedia.fi\\\/wp-content\\\/uploads\\\/2023\\\/11\\\/Radio-vuosi-720-toistoa-2.png\",\"contentUrl\":\"https:\\\/\\\/kauppa.kalevamedia.fi\\\/wp-content\\\/uploads\\\/2023\\\/11\\\/Radio-vuosi-720-toistoa-2.png\",\"width\":600,\"height\":600},{\"@type\":\"BreadcrumbList\",\"@id\":\"https:\\\/\\\/kauppa.kalevamedia.fi\\\/index.php\\\/tuote\\\/radio-super-vuosisopimus-720-toistoa\\\/#breadcrumb\",\"itemListElement\":[{\"@type\":\"ListItem\",\"position\":1,\"name\":\"Home\",\"item\":\"https:\\\/\\\/kauppa.kalevamedia.fi\\\/\"},{\"@type\":\"ListItem\",\"position\":2,\"name\":\"Radio Kaleva &#8211; Super vuosisopimus (720 toistoa)\"}]},{\"@type\":\"WebSite\",\"@id\":\"https:\\\/\\\/kauppa.kalevamedia.fi\\\/#website\",\"url\":\"https:\\\/\\\/kauppa.kalevamedia.fi\\\/\",\"name\":\"Kaleva Media Verkkokauppa\",\"description\":\"Kaleva Media B2B Asiakasratkaisut\",\"publisher\":{\"@id\":\"https:\\\/\\\/kauppa.kalevamedia.fi\\\/#organization\"},\"potentialAction\":[{\"@type\":\"SearchAction\",\"target\":{\"@type\":\"EntryPoint\",\"urlTemplate\":\"https:\\\/\\\/kauppa.kalevamedia.fi\\\/?s={search_term_string}\"},\"query-input\":{\"@type\":\"PropertyValueSpecification\",\"valueRequired\":true,\"valueName\":\"search_term_string\"}}],\"inLanguage\":\"fi\"},{\"@type\":\"Organization\",\"@id\":\"https:\\\/\\\/kauppa.kalevamedia.fi\\\/#organization\",\"name\":\"Kaleva Media Verkkokauppa\",\"url\":\"https:\\\/\\\/kauppa.kalevamedia.fi\\\/\",\"logo\":{\"@type\":\"ImageObject\",\"inLanguage\":\"fi\",\"@id\":\"https:\\\/\\\/kauppa.kalevamedia.fi\\\/#\\\/schema\\\/logo\\\/image\\\/\",\"url\":\"https:\\\/\\\/kauppa.kalevamedia.fi\\\/wp-content\\\/uploads\\\/2023\\\/11\\\/Kalevamedia_logo_pystyposa.png\",\"contentUrl\":\"https:\\\/\\\/kauppa.kalevamedia.fi\\\/wp-content\\\/uploads\\\/2023\\\/11\\\/Kalevamedia_logo_pystyposa.png\",\"width\":954,\"height\":690,\"caption\":\"Kaleva Media Verkkokauppa\"},\"image\":{\"@id\":\"https:\\\/\\\/kauppa.kalevamedia.fi\\\/#\\\/schema\\\/logo\\\/image\\\/\"}}]}<\/script>\n<!-- \/ Yoast SEO plugin. -->","yoast_head_json":{"title":"Radio Kaleva - Super vuosisopimus (720 toistoa) - Kaleva Media Verkkokauppa","robots":{"index":"index","follow":"follow","max-snippet":"max-snippet:-1","max-image-preview":"max-image-preview:large","max-video-preview":"max-video-preview:-1"},"canonical":"https:\/\/kauppa.kalevamedia.fi\/index.php\/tuote\/radio-super-vuosisopimus-720-toistoa\/","og_locale":"fi_FI","og_type":"article","og_title":"Radio Kaleva - Super vuosisopimus (720 toistoa) - Kaleva Media Verkkokauppa","og_description":"Ota radioaallot haltuun koko ensi vuodeksi Radio Kalevassa t\u00e4ll\u00e4 huikealla yli 60% tarjouksella!  Radio Kaleva l\u00e4hett\u00e4\u00e4 mainontaa klo 7-21 v\u00e4lisen\u00e4 aikana, tunnin aikana on keskim\u00e4\u00e4rin kaksi mainoskatkoa. T\u00e4ll\u00e4 vuosisopimuksella saat radioaallot haltuusi superedullisella 225 \u20ac kuukausihinnalla. Voit my\u00f6s jakaa mainostoistot haluamallasi tavalla vuoden ajalle tai k\u00e4ytt\u00e4\u00e4 kokonaan vaikka kes\u00e4ll\u00e4.    Tarjouksen sis\u00e4lt\u00f6:   Kampanja-aika, 1 vuosi.  Yhteens\u00e4 720 toistoa  20-30 sekunnin pituinen mainosspotti  Logo radion printtimainokseen kerran kuukaudessa  Logo kumppaneihin radion verkkosivuille 2026     Kuuluvuusalueen kuntaluettelo:  Oulu, Kempele, Liminka, Lumijoki, Tyrn\u00e4v\u00e4 ja Ii, Raahe, Siikajoki ja Pyh\u00e4joki, Ylivieska, Oulainen, Nivala, Merij\u00e4rvi, Siikalatva, Sievi, K\u00e4rs\u00e4m\u00e4ki, Haapaj\u00e4rvi, Haapavesi ja Alavieska, Pudasj\u00e4rvi, Taivalkoski, Kuusamo ja Posio, Kemi, Simo ja Rovaniemi.    Tarjoushintainen kampanja tulee k\u00e4ytt\u00e4\u00e4 vuoden aikana ostop\u00e4iv\u00e4st\u00e4. \u00a0Kampanjaetu koskee vain uusia varauksia. Sitovat varaukset tehd\u00e4\u00e4n kerralla ja niit\u00e4 ei voi siirt\u00e4\u00e4 kampanja-ajalta toiselle. Hinta ei sis\u00e4ll\u00e4 radiomainoksen tuotantoa.\u00a0Voit tarvittaessa\u00a0hankkia radiomainoksen tuotannon meilt\u00e4.\u00a0\u00a0Hintaan lis\u00e4t\u00e4\u00e4n alv. Voit tutustua tarkempiin tilaus- ja myyntiehtoihin halutessasi\u00a0t\u00e4\u00e4lt\u00e4.","og_url":"https:\/\/kauppa.kalevamedia.fi\/index.php\/tuote\/radio-super-vuosisopimus-720-toistoa\/","og_site_name":"Kaleva Media Verkkokauppa","article_modified_time":"2026-02-13T10:31:31+00:00","og_image":[{"width":600,"height":600,"url":"https:\/\/kauppa.kalevamedia.fi\/wp-content\/uploads\/2023\/11\/Radio-vuosi-720-toistoa-2.png","type":"image\/png"}],"twitter_card":"summary_large_image","twitter_misc":{"Arvioitu lukuaika":"1 minuutti"},"schema":{"@context":"https:\/\/schema.org","@graph":[{"@type":"WebPage","@id":"https:\/\/kauppa.kalevamedia.fi\/index.php\/tuote\/radio-super-vuosisopimus-720-toistoa\/","url":"https:\/\/kauppa.kalevamedia.fi\/index.php\/tuote\/radio-super-vuosisopimus-720-toistoa\/","name":"Radio Kaleva - Super vuosisopimus (720 toistoa) - Kaleva Media Verkkokauppa","isPartOf":{"@id":"https:\/\/kauppa.kalevamedia.fi\/#website"},"primaryImageOfPage":{"@id":"https:\/\/kauppa.kalevamedia.fi\/index.php\/tuote\/radio-super-vuosisopimus-720-toistoa\/#primaryimage"},"image":{"@id":"https:\/\/kauppa.kalevamedia.fi\/index.php\/tuote\/radio-super-vuosisopimus-720-toistoa\/#primaryimage"},"thumbnailUrl":"https:\/\/kauppa.kalevamedia.fi\/wp-content\/uploads\/2023\/11\/Radio-vuosi-720-toistoa-2.png","datePublished":"2023-11-17T11:35:57+00:00","dateModified":"2026-02-13T10:31:31+00:00","breadcrumb":{"@id":"https:\/\/kauppa.kalevamedia.fi\/index.php\/tuote\/radio-super-vuosisopimus-720-toistoa\/#breadcrumb"},"inLanguage":"fi","potentialAction":[{"@type":"ReadAction","target":["https:\/\/kauppa.kalevamedia.fi\/index.php\/tuote\/radio-super-vuosisopimus-720-toistoa\/"]}]},{"@type":"ImageObject","inLanguage":"fi","@id":"https:\/\/kauppa.kalevamedia.fi\/index.php\/tuote\/radio-super-vuosisopimus-720-toistoa\/#primaryimage","url":"https:\/\/kauppa.kalevamedia.fi\/wp-content\/uploads\/2023\/11\/Radio-vuosi-720-toistoa-2.png","contentUrl":"https:\/\/kauppa.kalevamedia.fi\/wp-content\/uploads\/2023\/11\/Radio-vuosi-720-toistoa-2.png","width":600,"height":600},{"@type":"BreadcrumbList","@id":"https:\/\/kauppa.kalevamedia.fi\/index.php\/tuote\/radio-super-vuosisopimus-720-toistoa\/#breadcrumb","itemListElement":[{"@type":"ListItem","position":1,"name":"Home","item":"https:\/\/kauppa.kalevamedia.fi\/"},{"@type":"ListItem","position":2,"name":"Radio Kaleva &#8211; Super vuosisopimus (720 toistoa)"}]},{"@type":"WebSite","@id":"https:\/\/kauppa.kalevamedia.fi\/#website","url":"https:\/\/kauppa.kalevamedia.fi\/","name":"Kaleva Media Verkkokauppa","description":"Kaleva Media B2B Asiakasratkaisut","publisher":{"@id":"https:\/\/kauppa.kalevamedia.fi\/#organization"},"potentialAction":[{"@type":"SearchAction","target":{"@type":"EntryPoint","urlTemplate":"https:\/\/kauppa.kalevamedia.fi\/?s={search_term_string}"},"query-input":{"@type":"PropertyValueSpecification","valueRequired":true,"valueName":"search_term_string"}}],"inLanguage":"fi"},{"@type":"Organization","@id":"https:\/\/kauppa.kalevamedia.fi\/#organization","name":"Kaleva Media Verkkokauppa","url":"https:\/\/kauppa.kalevamedia.fi\/","logo":{"@type":"ImageObject","inLanguage":"fi","@id":"https:\/\/kauppa.kalevamedia.fi\/#\/schema\/logo\/image\/","url":"https:\/\/kauppa.kalevamedia.fi\/wp-content\/uploads\/2023\/11\/Kalevamedia_logo_pystyposa.png","contentUrl":"https:\/\/kauppa.kalevamedia.fi\/wp-content\/uploads\/2023\/11\/Kalevamedia_logo_pystyposa.png","width":954,"height":690,"caption":"Kaleva Media Verkkokauppa"},"image":{"@id":"https:\/\/kauppa.kalevamedia.fi\/#\/schema\/logo\/image\/"}}]}},"_links":{"self":[{"href":"https:\/\/kauppa.kalevamedia.fi\/index.php\/wp-json\/wp\/v2\/product\/10644","targetHints":{"allow":["GET"]}}],"collection":[{"href":"https:\/\/kauppa.kalevamedia.fi\/index.php\/wp-json\/wp\/v2\/product"}],"about":[{"href":"https:\/\/kauppa.kalevamedia.fi\/index.php\/wp-json\/wp\/v2\/types\/product"}],"wp:featuredmedia":[{"embeddable":true,"href":"https:\/\/kauppa.kalevamedia.fi\/index.php\/wp-json\/wp\/v2\/media\/15568"}],"wp:attachment":[{"href":"https:\/\/kauppa.kalevamedia.fi\/index.php\/wp-json\/wp\/v2\/media?parent=10644"}],"wp:term":[{"taxonomy":"product_brand","embeddable":true,"href":"https:\/\/kauppa.kalevamedia.fi\/index.php\/wp-json\/wp\/v2\/product_brand?post=10644"},{"taxonomy":"product_cat","embeddable":true,"href":"https:\/\/kauppa.kalevamedia.fi\/index.php\/wp-json\/wp\/v2\/product_cat?post=10644"},{"taxonomy":"product_tag","embeddable":true,"href":"https:\/\/kauppa.kalevamedia.fi\/index.php\/wp-json\/wp\/v2\/product_tag?post=10644"}],"curies":[{"name":"wp","href":"https:\/\/api.w.org\/{rel}","templated":true}]}}