{"id":10425,"date":"2023-11-15T18:38:24","date_gmt":"2023-11-15T16:38:24","guid":{"rendered":"https:\/\/kauppa.kalevamedia.fi\/?post_type=product&#038;p=10425"},"modified":"2026-02-13T13:34:53","modified_gmt":"2026-02-13T11:34:53","slug":"forum24-125x88-mm","status":"publish","type":"product","link":"https:\/\/kauppa.kalevamedia.fi\/index.php\/tuote\/forum24-125x88-mm\/","title":{"rendered":"Forum24 &#8211; 125&#215;88 mm"},"content":{"rendered":"","protected":false},"excerpt":{"rendered":"<p>Forum24 kaupunkilehti jaetaan keskiviikkoisin Oulussa, Haukiputaalla, Kempeleess\u00e4, Kiimingiss\u00e4 ja Oulunsalossa sek\u00e4 taajamiin Limingassa, Tupoksessa ja Tyrn\u00e4v\u00e4ll\u00e4. Ylikiimingin alueella, Iiss\u00e4 ja Muhoksella on telinejakelu. Tutustu mediaan halutessasi lis\u00e4\u00e4 klikkaamalla <span style=\"text-decoration: underline;\"><a href=\"https:\/\/www.kalevamedia.fi\/yrityksille\/omat-mediamme\/kaleva-median-julkaisut\/forum24\/\" target=\"_blank\" rel=\"noopener\"><strong>t\u00e4st\u00e4!<\/strong><\/a> <\/span>Tarjoushintainen ilmoitus tulee julkaista lehdess\u00e4\u00a0<strong>16.2.\u201331.3.2026 tai 15.6.-16.8.2026 <\/strong>v\u00e4lisen\u00e4 aikana.<\/p>\n<hr \/>\n<p>Kampanjaetu koskee vain uusia varauksia. Sitovat varaukset tehd\u00e4\u00e4n kerralla ja niit\u00e4 ei voi siirt\u00e4\u00e4 kampanja-ajalta toiselle. Hinta ei sis\u00e4ll\u00e4 mahdollisen mainosaineiston valmistusta. Hintaan lis\u00e4t\u00e4\u00e4n alv. Tutustu tarkempiin tilaus- ja myyntiehtoihin\u00a0<a href=\"https:\/\/kauppa.kalevamedia.fi\/index.php\/myyntiehdot\/\" target=\"_blank\" rel=\"noopener\"><strong>t\u00e4\u00e4lt\u00e4.<\/strong><\/a><\/p>\n","protected":false},"featured_media":15499,"template":"","meta":[],"product_brand":[],"product_cat":[87],"product_tag":[],"class_list":{"0":"post-10425","1":"product","2":"type-product","3":"status-publish","4":"has-post-thumbnail","6":"product_cat-forum24","8":"first","9":"instock","10":"sale","11":"shipping-taxable","12":"purchasable","13":"product-type-simple"},"exclude_global_add_ons":[],"addons":[],"yoast_head":"<!-- This site is optimized with the Yoast SEO plugin v27.4 - https:\/\/yoast.com\/product\/yoast-seo-wordpress\/ -->\n<title>Forum24 - 125x88 mm - Kaleva Media Verkkokauppa<\/title>\n<meta name=\"robots\" content=\"index, follow, max-snippet:-1, max-image-preview:large, max-video-preview:-1\" \/>\n<link rel=\"canonical\" href=\"https:\/\/kauppa.kalevamedia.fi\/index.php\/tuote\/forum24-125x88-mm\/\" \/>\n<meta property=\"og:locale\" content=\"fi_FI\" \/>\n<meta property=\"og:type\" content=\"article\" \/>\n<meta property=\"og:title\" content=\"Forum24 - 125x88 mm - Kaleva Media Verkkokauppa\" \/>\n<meta property=\"og:description\" content=\"Forum24 kaupunkilehti jaetaan keskiviikkoisin Oulussa, Haukiputaalla, Kempeleess\u00e4, Kiimingiss\u00e4 ja Oulunsalossa sek\u00e4 taajamiin Limingassa, Tupoksessa ja Tyrn\u00e4v\u00e4ll\u00e4. Ylikiimingin alueella, Iiss\u00e4 ja Muhoksella on telinejakelu. Tutustu mediaan halutessasi lis\u00e4\u00e4 klikkaamalla t\u00e4st\u00e4! Tarjoushintainen ilmoitus tulee julkaista lehdess\u00e4\u00a016.2.\u201331.3.2026 tai 15.6.-16.8.2026 v\u00e4lisen\u00e4 aikana.    Kampanjaetu koskee vain uusia varauksia. Sitovat varaukset tehd\u00e4\u00e4n kerralla ja niit\u00e4 ei voi siirt\u00e4\u00e4 kampanja-ajalta toiselle. Hinta ei sis\u00e4ll\u00e4 mahdollisen mainosaineiston valmistusta. Hintaan lis\u00e4t\u00e4\u00e4n alv. Tutustu tarkempiin tilaus- ja myyntiehtoihin\u00a0t\u00e4\u00e4lt\u00e4.\" \/>\n<meta property=\"og:url\" content=\"https:\/\/kauppa.kalevamedia.fi\/index.php\/tuote\/forum24-125x88-mm\/\" \/>\n<meta property=\"og:site_name\" content=\"Kaleva Media Verkkokauppa\" \/>\n<meta property=\"article:modified_time\" content=\"2026-02-13T11:34:53+00:00\" \/>\n<meta property=\"og:image\" content=\"https:\/\/kauppa.kalevamedia.fi\/wp-content\/uploads\/2026\/01\/YP2026-Forum2411.png\" \/>\n\t<meta property=\"og:image:width\" content=\"600\" \/>\n\t<meta property=\"og:image:height\" content=\"600\" \/>\n\t<meta property=\"og:image:type\" content=\"image\/png\" \/>\n<meta name=\"twitter:card\" content=\"summary_large_image\" \/>\n<meta name=\"twitter:label1\" content=\"Arvioitu lukuaika\" \/>\n\t<meta name=\"twitter:data1\" content=\"1 minuutti\" \/>\n<script type=\"application\/ld+json\" class=\"yoast-schema-graph\">{\"@context\":\"https:\\\/\\\/schema.org\",\"@graph\":[{\"@type\":\"WebPage\",\"@id\":\"https:\\\/\\\/kauppa.kalevamedia.fi\\\/index.php\\\/tuote\\\/forum24-125x88-mm\\\/\",\"url\":\"https:\\\/\\\/kauppa.kalevamedia.fi\\\/index.php\\\/tuote\\\/forum24-125x88-mm\\\/\",\"name\":\"Forum24 - 125x88 mm - Kaleva Media Verkkokauppa\",\"isPartOf\":{\"@id\":\"https:\\\/\\\/kauppa.kalevamedia.fi\\\/#website\"},\"primaryImageOfPage\":{\"@id\":\"https:\\\/\\\/kauppa.kalevamedia.fi\\\/index.php\\\/tuote\\\/forum24-125x88-mm\\\/#primaryimage\"},\"image\":{\"@id\":\"https:\\\/\\\/kauppa.kalevamedia.fi\\\/index.php\\\/tuote\\\/forum24-125x88-mm\\\/#primaryimage\"},\"thumbnailUrl\":\"https:\\\/\\\/kauppa.kalevamedia.fi\\\/wp-content\\\/uploads\\\/2026\\\/01\\\/YP2026-Forum2411.png\",\"datePublished\":\"2023-11-15T16:38:24+00:00\",\"dateModified\":\"2026-02-13T11:34:53+00:00\",\"breadcrumb\":{\"@id\":\"https:\\\/\\\/kauppa.kalevamedia.fi\\\/index.php\\\/tuote\\\/forum24-125x88-mm\\\/#breadcrumb\"},\"inLanguage\":\"fi\",\"potentialAction\":[{\"@type\":\"ReadAction\",\"target\":[\"https:\\\/\\\/kauppa.kalevamedia.fi\\\/index.php\\\/tuote\\\/forum24-125x88-mm\\\/\"]}]},{\"@type\":\"ImageObject\",\"inLanguage\":\"fi\",\"@id\":\"https:\\\/\\\/kauppa.kalevamedia.fi\\\/index.php\\\/tuote\\\/forum24-125x88-mm\\\/#primaryimage\",\"url\":\"https:\\\/\\\/kauppa.kalevamedia.fi\\\/wp-content\\\/uploads\\\/2026\\\/01\\\/YP2026-Forum2411.png\",\"contentUrl\":\"https:\\\/\\\/kauppa.kalevamedia.fi\\\/wp-content\\\/uploads\\\/2026\\\/01\\\/YP2026-Forum2411.png\",\"width\":600,\"height\":600},{\"@type\":\"BreadcrumbList\",\"@id\":\"https:\\\/\\\/kauppa.kalevamedia.fi\\\/index.php\\\/tuote\\\/forum24-125x88-mm\\\/#breadcrumb\",\"itemListElement\":[{\"@type\":\"ListItem\",\"position\":1,\"name\":\"Home\",\"item\":\"https:\\\/\\\/kauppa.kalevamedia.fi\\\/\"},{\"@type\":\"ListItem\",\"position\":2,\"name\":\"Forum24 &#8211; 125&#215;88 mm\"}]},{\"@type\":\"WebSite\",\"@id\":\"https:\\\/\\\/kauppa.kalevamedia.fi\\\/#website\",\"url\":\"https:\\\/\\\/kauppa.kalevamedia.fi\\\/\",\"name\":\"Kaleva Media Verkkokauppa\",\"description\":\"Kaleva Media B2B Asiakasratkaisut\",\"publisher\":{\"@id\":\"https:\\\/\\\/kauppa.kalevamedia.fi\\\/#organization\"},\"potentialAction\":[{\"@type\":\"SearchAction\",\"target\":{\"@type\":\"EntryPoint\",\"urlTemplate\":\"https:\\\/\\\/kauppa.kalevamedia.fi\\\/?s={search_term_string}\"},\"query-input\":{\"@type\":\"PropertyValueSpecification\",\"valueRequired\":true,\"valueName\":\"search_term_string\"}}],\"inLanguage\":\"fi\"},{\"@type\":\"Organization\",\"@id\":\"https:\\\/\\\/kauppa.kalevamedia.fi\\\/#organization\",\"name\":\"Kaleva Media Verkkokauppa\",\"url\":\"https:\\\/\\\/kauppa.kalevamedia.fi\\\/\",\"logo\":{\"@type\":\"ImageObject\",\"inLanguage\":\"fi\",\"@id\":\"https:\\\/\\\/kauppa.kalevamedia.fi\\\/#\\\/schema\\\/logo\\\/image\\\/\",\"url\":\"https:\\\/\\\/kauppa.kalevamedia.fi\\\/wp-content\\\/uploads\\\/2023\\\/11\\\/Kalevamedia_logo_pystyposa.png\",\"contentUrl\":\"https:\\\/\\\/kauppa.kalevamedia.fi\\\/wp-content\\\/uploads\\\/2023\\\/11\\\/Kalevamedia_logo_pystyposa.png\",\"width\":954,\"height\":690,\"caption\":\"Kaleva Media Verkkokauppa\"},\"image\":{\"@id\":\"https:\\\/\\\/kauppa.kalevamedia.fi\\\/#\\\/schema\\\/logo\\\/image\\\/\"}}]}<\/script>\n<!-- \/ Yoast SEO plugin. -->","yoast_head_json":{"title":"Forum24 - 125x88 mm - Kaleva Media Verkkokauppa","robots":{"index":"index","follow":"follow","max-snippet":"max-snippet:-1","max-image-preview":"max-image-preview:large","max-video-preview":"max-video-preview:-1"},"canonical":"https:\/\/kauppa.kalevamedia.fi\/index.php\/tuote\/forum24-125x88-mm\/","og_locale":"fi_FI","og_type":"article","og_title":"Forum24 - 125x88 mm - Kaleva Media Verkkokauppa","og_description":"Forum24 kaupunkilehti jaetaan keskiviikkoisin Oulussa, Haukiputaalla, Kempeleess\u00e4, Kiimingiss\u00e4 ja Oulunsalossa sek\u00e4 taajamiin Limingassa, Tupoksessa ja Tyrn\u00e4v\u00e4ll\u00e4. Ylikiimingin alueella, Iiss\u00e4 ja Muhoksella on telinejakelu. Tutustu mediaan halutessasi lis\u00e4\u00e4 klikkaamalla t\u00e4st\u00e4! Tarjoushintainen ilmoitus tulee julkaista lehdess\u00e4\u00a016.2.\u201331.3.2026 tai 15.6.-16.8.2026 v\u00e4lisen\u00e4 aikana.    Kampanjaetu koskee vain uusia varauksia. Sitovat varaukset tehd\u00e4\u00e4n kerralla ja niit\u00e4 ei voi siirt\u00e4\u00e4 kampanja-ajalta toiselle. Hinta ei sis\u00e4ll\u00e4 mahdollisen mainosaineiston valmistusta. Hintaan lis\u00e4t\u00e4\u00e4n alv. Tutustu tarkempiin tilaus- ja myyntiehtoihin\u00a0t\u00e4\u00e4lt\u00e4.","og_url":"https:\/\/kauppa.kalevamedia.fi\/index.php\/tuote\/forum24-125x88-mm\/","og_site_name":"Kaleva Media Verkkokauppa","article_modified_time":"2026-02-13T11:34:53+00:00","og_image":[{"width":600,"height":600,"url":"https:\/\/kauppa.kalevamedia.fi\/wp-content\/uploads\/2026\/01\/YP2026-Forum2411.png","type":"image\/png"}],"twitter_card":"summary_large_image","twitter_misc":{"Arvioitu lukuaika":"1 minuutti"},"schema":{"@context":"https:\/\/schema.org","@graph":[{"@type":"WebPage","@id":"https:\/\/kauppa.kalevamedia.fi\/index.php\/tuote\/forum24-125x88-mm\/","url":"https:\/\/kauppa.kalevamedia.fi\/index.php\/tuote\/forum24-125x88-mm\/","name":"Forum24 - 125x88 mm - Kaleva Media Verkkokauppa","isPartOf":{"@id":"https:\/\/kauppa.kalevamedia.fi\/#website"},"primaryImageOfPage":{"@id":"https:\/\/kauppa.kalevamedia.fi\/index.php\/tuote\/forum24-125x88-mm\/#primaryimage"},"image":{"@id":"https:\/\/kauppa.kalevamedia.fi\/index.php\/tuote\/forum24-125x88-mm\/#primaryimage"},"thumbnailUrl":"https:\/\/kauppa.kalevamedia.fi\/wp-content\/uploads\/2026\/01\/YP2026-Forum2411.png","datePublished":"2023-11-15T16:38:24+00:00","dateModified":"2026-02-13T11:34:53+00:00","breadcrumb":{"@id":"https:\/\/kauppa.kalevamedia.fi\/index.php\/tuote\/forum24-125x88-mm\/#breadcrumb"},"inLanguage":"fi","potentialAction":[{"@type":"ReadAction","target":["https:\/\/kauppa.kalevamedia.fi\/index.php\/tuote\/forum24-125x88-mm\/"]}]},{"@type":"ImageObject","inLanguage":"fi","@id":"https:\/\/kauppa.kalevamedia.fi\/index.php\/tuote\/forum24-125x88-mm\/#primaryimage","url":"https:\/\/kauppa.kalevamedia.fi\/wp-content\/uploads\/2026\/01\/YP2026-Forum2411.png","contentUrl":"https:\/\/kauppa.kalevamedia.fi\/wp-content\/uploads\/2026\/01\/YP2026-Forum2411.png","width":600,"height":600},{"@type":"BreadcrumbList","@id":"https:\/\/kauppa.kalevamedia.fi\/index.php\/tuote\/forum24-125x88-mm\/#breadcrumb","itemListElement":[{"@type":"ListItem","position":1,"name":"Home","item":"https:\/\/kauppa.kalevamedia.fi\/"},{"@type":"ListItem","position":2,"name":"Forum24 &#8211; 125&#215;88 mm"}]},{"@type":"WebSite","@id":"https:\/\/kauppa.kalevamedia.fi\/#website","url":"https:\/\/kauppa.kalevamedia.fi\/","name":"Kaleva Media Verkkokauppa","description":"Kaleva Media B2B Asiakasratkaisut","publisher":{"@id":"https:\/\/kauppa.kalevamedia.fi\/#organization"},"potentialAction":[{"@type":"SearchAction","target":{"@type":"EntryPoint","urlTemplate":"https:\/\/kauppa.kalevamedia.fi\/?s={search_term_string}"},"query-input":{"@type":"PropertyValueSpecification","valueRequired":true,"valueName":"search_term_string"}}],"inLanguage":"fi"},{"@type":"Organization","@id":"https:\/\/kauppa.kalevamedia.fi\/#organization","name":"Kaleva Media Verkkokauppa","url":"https:\/\/kauppa.kalevamedia.fi\/","logo":{"@type":"ImageObject","inLanguage":"fi","@id":"https:\/\/kauppa.kalevamedia.fi\/#\/schema\/logo\/image\/","url":"https:\/\/kauppa.kalevamedia.fi\/wp-content\/uploads\/2023\/11\/Kalevamedia_logo_pystyposa.png","contentUrl":"https:\/\/kauppa.kalevamedia.fi\/wp-content\/uploads\/2023\/11\/Kalevamedia_logo_pystyposa.png","width":954,"height":690,"caption":"Kaleva Media Verkkokauppa"},"image":{"@id":"https:\/\/kauppa.kalevamedia.fi\/#\/schema\/logo\/image\/"}}]}},"_links":{"self":[{"href":"https:\/\/kauppa.kalevamedia.fi\/index.php\/wp-json\/wp\/v2\/product\/10425","targetHints":{"allow":["GET"]}}],"collection":[{"href":"https:\/\/kauppa.kalevamedia.fi\/index.php\/wp-json\/wp\/v2\/product"}],"about":[{"href":"https:\/\/kauppa.kalevamedia.fi\/index.php\/wp-json\/wp\/v2\/types\/product"}],"wp:featuredmedia":[{"embeddable":true,"href":"https:\/\/kauppa.kalevamedia.fi\/index.php\/wp-json\/wp\/v2\/media\/15499"}],"wp:attachment":[{"href":"https:\/\/kauppa.kalevamedia.fi\/index.php\/wp-json\/wp\/v2\/media?parent=10425"}],"wp:term":[{"taxonomy":"product_brand","embeddable":true,"href":"https:\/\/kauppa.kalevamedia.fi\/index.php\/wp-json\/wp\/v2\/product_brand?post=10425"},{"taxonomy":"product_cat","embeddable":true,"href":"https:\/\/kauppa.kalevamedia.fi\/index.php\/wp-json\/wp\/v2\/product_cat?post=10425"},{"taxonomy":"product_tag","embeddable":true,"href":"https:\/\/kauppa.kalevamedia.fi\/index.php\/wp-json\/wp\/v2\/product_tag?post=10425"}],"curies":[{"name":"wp","href":"https:\/\/api.w.org\/{rel}","templated":true}]}}